{"id":799,"date":"2018-03-16T11:31:15","date_gmt":"2018-03-16T09:31:15","guid":{"rendered":"http:\/\/sm.nowaruda.pl\/sm1\/?page_id=799"},"modified":"2019-01-14T17:00:20","modified_gmt":"2019-01-14T15:00:20","slug":"uchwaly-rady-nadzorczej-2018r","status":"publish","type":"page","link":"https:\/\/sm.nowaruda.pl\/sm1\/?page_id=799","title":{"rendered":"UCHWA\u0141Y RADY NADZORCZEJ 2018R."},"content":{"rendered":"<p><a href=\"http:\/\/sm.nowaruda.pl\/sm1\/wp-content\/uploads\/2018\/03\/Uchwa\u0142a-RN-nr-2018-01.pdf\">Uchwa\u0142a RN nr 2018-01<br \/>\n<\/a><a href=\"http:\/\/sm.nowaruda.pl\/sm1\/wp-content\/uploads\/2018\/04\/Uchwa\u0142a-RN-nr-2018-02-aneks-do-planu-remont\u00f3w.pdf\">Uchwa\u0142a RN nr 2018-02 &#8211; aneks do planu remont\u00f3w<\/a><a href=\"http:\/\/sm.nowaruda.pl\/sm1\/wp-content\/uploads\/2018\/03\/Uchwa\u0142a-RN-nr-2018-01.pdf\"><br \/>\n<\/a> <a href=\"http:\/\/sm.nowaruda.pl\/sm1\/wp-content\/uploads\/2018\/04\/Uchwa\u0142a-RN-nr-2018-03-plan-koszt\u00f3w-i-przychod\u00f3w-1.pdf\">Uchwa\u0142a RN nr 2018-03 &#8211; plan koszt\u00f3w i przychod\u00f3w<\/a><a href=\"http:\/\/sm.nowaruda.pl\/sm1\/wp-content\/uploads\/2018\/03\/Uchwa\u0142a-RN-nr-2018-01.pdf\"><br \/>\n<\/a><a href=\"http:\/\/sm.nowaruda.pl\/sm1\/wp-content\/uploads\/2018\/04\/Uchwa\u0142a-RN-nr-2018-04-zmian-op\u0142at-za-gara\u017ce-.pdf\">Uchwa\u0142a RN nr 2018-04 &#8211; zmian op\u0142at za gara\u017ce<\/a><a href=\"http:\/\/sm.nowaruda.pl\/sm1\/wp-content\/uploads\/2018\/03\/Uchwa\u0142a-RN-nr-2018-01.pdf\"><br \/>\n<\/a><a href=\"http:\/\/sm.nowaruda.pl\/sm1\/wp-content\/uploads\/2018\/04\/Uchwa\u0142a-RN-nr-2018-05-zmiana-wysoko\u015bci-stawek-op\u0142at-eksploatacyjnych.pdf\">Uchwa\u0142a RN nr 2018-05 &#8211; zmiana wysoko\u015bci stawek op\u0142at<br \/>\neksploatacyjnych<\/a><br \/>\n<a href=\"http:\/\/sm.nowaruda.pl\/sm1\/wp-content\/uploads\/2018\/04\/Uchwa\u0142a-RN-nr-2018-06-podzia\u0142-Walnego-Zgromadzenia-na-dwie-cz\u0119\u015bci.pdf\">Uchwa\u0142a RN nr 2018-06 &#8211; podzia\u0142 Walnego Zgromadzenia na dwie cz\u0119\u015bci<\/a><br \/>\n<a href=\"http:\/\/sm.nowaruda.pl\/sm1\/wp-content\/uploads\/2018\/11\/Uchwa\u0142a-RN-nr-1-2018-wyb\u00f3r-Przewodnicz\u0105cego-RN.pdf\">Uchwa\u0142a RN nr 1-2018 &#8211; wyb\u00f3r Przewodnicz\u0105cego RN<\/a><br \/>\n<a href=\"http:\/\/sm.nowaruda.pl\/sm1\/wp-content\/uploads\/2018\/11\/Uchwa\u0142a-RN-nr-2-2018-wyb\u00f3r-z-cy-Przewodnicz\u0105cego-RN.pdf\">Uchwa\u0142a RN nr 2-2018 &#8211; wyb\u00f3r z-cy Przewodnicz\u0105cego RN<\/a><br \/>\n<a href=\"http:\/\/sm.nowaruda.pl\/sm1\/wp-content\/uploads\/2018\/11\/Uchwa\u0142a-RN-nr-3-2018-wyb\u00f3r-Sekretarza-RN.pdf\">Uchwa\u0142a RN nr 3-2018 &#8211; wyb\u00f3r Sekretarza RN<\/a><br \/>\n<a href=\"http:\/\/sm.nowaruda.pl\/sm1\/wp-content\/uploads\/2018\/11\/Uchwa\u0142a-RN-nr-4-2018-wyb\u00f3r-przewodnicz\u0105cych-komisji.pdf\">Uchwa\u0142a RN nr 4-2018 &#8211; wyb\u00f3r przewodnicz\u0105cych komisji<\/a><br \/>\n<a href=\"http:\/\/sm.nowaruda.pl\/sm1\/wp-content\/uploads\/2019\/01\/Uchwa\u0142a-RN-nr-5-2018-zmiana-wynagrodzenia-Prezesa-Zarz\u0105du.pdf\">Uchwa\u0142a RN nr 5-2018 &#8211; zmiana wynagrodzenia Prezesa Zarz\u0105du<\/a><br \/>\n<a href=\"http:\/\/sm.nowaruda.pl\/sm1\/wp-content\/uploads\/2019\/01\/Uchwa\u0142a-RN-nr-6-2018-zmiana-wynagrodzenia-Z-cy-Przezesa-Zarz\u0105du.pdf\">Uchwa\u0142a RN nr 6-2018 &#8211; zmiana wynagrodzenia Z-cy Przezesa Zarz\u0105du<\/a><br \/>\n<a href=\"http:\/\/sm.nowaruda.pl\/sm1\/wp-content\/uploads\/2019\/01\/Uchwa\u0142a-RN-nr-7-2018-zmiana-wynagrodzenia-Czonka-Zarz\u0105du.pdf\">Uchwa\u0142a RN nr 7-2018 &#8211; zmiana wynagrodzenia Cz\u0142onka Zarz\u0105du<\/a><br \/>\n<a href=\"http:\/\/sm.nowaruda.pl\/sm1\/wp-content\/uploads\/2019\/01\/Uchwa\u0142a-RN-nr-8-2018-zatwierdzenie-aneksu-nr-2-do-planu-remont\u00f3w.pdf\">Uchwa\u0142a RN nr 8-2018 &#8211; zatwierdzenie aneksu nr 2 do planu remont\u00f3w<\/a><br \/>\n<a href=\"http:\/\/sm.nowaruda.pl\/sm1\/wp-content\/uploads\/2019\/01\/Uchwa\u0142a-RN-nr-9-2018-roczny-fundusz-p\u0142ac-1.pdf\">Uchwa\u0142a RN nr 9-2018 &#8211; roczny fundusz p\u0142ac<\/a><br \/>\n<a href=\"http:\/\/sm.nowaruda.pl\/sm1\/wp-content\/uploads\/2019\/01\/Uchwa\u0142a-RN-nr-10-2018-regulamin-zam\u00f3wie\u0144-na-roboty-budowlane-1.pdf\">Uchwa\u0142a RN nr 10-2018 &#8211; regulamin zam\u00f3wie\u0144 na roboty budowlane<\/a><br \/>\n<a href=\"http:\/\/sm.nowaruda.pl\/sm1\/wp-content\/uploads\/2019\/01\/Uchwa\u0142a-RN-nr-11-2018-premie-dla-cz\u0142onk\u00f3w-Zarz\u0105du-1.pdf\">Uchwa\u0142a RN nr 11-2018 &#8211; premie dla cz\u0142onk\u00f3w Zarz\u0105du<\/a><\/p>\n","protected":false},"excerpt":{"rendered":"<p>Uchwa\u0142a RN nr 2018-01 Uchwa\u0142a RN nr 2018-02 &#8211; aneks do planu remont\u00f3w Uchwa\u0142a RN nr 2018-03 &#8211; plan koszt\u00f3w i przychod\u00f3w Uchwa\u0142a RN nr 2018-04 &#8211; zmian op\u0142at za gara\u017ce Uchwa\u0142a RN nr 2018-05 &#8211; zmiana wysoko\u015bci stawek op\u0142at eksploatacyjnych Uchwa\u0142a RN nr 2018-06 &#8211; podzia\u0142 Walnego Zgromadzenia na dwie cz\u0119\u015bci Uchwa\u0142a RN nr &hellip; <a href=\"https:\/\/sm.nowaruda.pl\/sm1\/?page_id=799\" class=\"more-link\">Czytaj dalej <span class=\"screen-reader-text\">UCHWA\u0141Y RADY NADZORCZEJ 2018R.<\/span> <span class=\"meta-nav\">&rarr;<\/span><\/a><\/p>\n","protected":false},"author":1,"featured_media":0,"parent":0,"menu_order":0,"comment_status":"closed","ping_status":"closed","template":"","meta":{"ngg_post_thumbnail":0,"footnotes":""},"class_list":["post-799","page","type-page","status-publish","hentry"],"_links":{"self":[{"href":"https:\/\/sm.nowaruda.pl\/sm1\/index.php?rest_route=\/wp\/v2\/pages\/799","targetHints":{"allow":["GET"]}}],"collection":[{"href":"https:\/\/sm.nowaruda.pl\/sm1\/index.php?rest_route=\/wp\/v2\/pages"}],"about":[{"href":"https:\/\/sm.nowaruda.pl\/sm1\/index.php?rest_route=\/wp\/v2\/types\/page"}],"author":[{"embeddable":true,"href":"https:\/\/sm.nowaruda.pl\/sm1\/index.php?rest_route=\/wp\/v2\/users\/1"}],"replies":[{"embeddable":true,"href":"https:\/\/sm.nowaruda.pl\/sm1\/index.php?rest_route=%2Fwp%2Fv2%2Fcomments&post=799"}],"version-history":[{"count":10,"href":"https:\/\/sm.nowaruda.pl\/sm1\/index.php?rest_route=\/wp\/v2\/pages\/799\/revisions"}],"predecessor-version":[{"id":990,"href":"https:\/\/sm.nowaruda.pl\/sm1\/index.php?rest_route=\/wp\/v2\/pages\/799\/revisions\/990"}],"wp:attachment":[{"href":"https:\/\/sm.nowaruda.pl\/sm1\/index.php?rest_route=%2Fwp%2Fv2%2Fmedia&parent=799"}],"curies":[{"name":"wp","href":"https:\/\/api.w.org\/{rel}","templated":true}]}}