{"id":612,"date":"2017-02-28T13:36:49","date_gmt":"2017-02-28T11:36:49","guid":{"rendered":"http:\/\/sm.nowaruda.pl\/sm1\/?page_id=612"},"modified":"2018-03-16T11:45:10","modified_gmt":"2018-03-16T09:45:10","slug":"protokoly-rady-nadzorczej-2017-r","status":"publish","type":"page","link":"https:\/\/sm.nowaruda.pl\/sm1\/?page_id=612","title":{"rendered":"Protoko\u0142y Rady Nadzorczej 2017 r."},"content":{"rendered":"<p><a href=\"http:\/\/sm.nowaruda.pl\/sm1\/wp-content\/uploads\/2017\/02\/Protok\u00f3\u0142-Rady-Nadzorczej-2017-01.pdf\">Protok\u00f3\u0142 Rady Nadzorczej 2017-01<br \/>\n<\/a><a href=\"http:\/\/sm.nowaruda.pl\/sm1\/wp-content\/uploads\/2017\/02\/Protok\u00f3\u0142-Rady-Nadzorczej-2017-02.pdf\">Protok\u00f3\u0142 Rady Nadzorczej 2017-02<br \/>\n<\/a><a href=\"http:\/\/sm.nowaruda.pl\/sm1\/wp-content\/uploads\/2017\/02\/Protok\u00f3\u0142-Rady-Nadzorczej-2017-03.pdf\">Protok\u00f3\u0142 Rady Nadzorczej 2017-03<\/a><a href=\"http:\/\/sm.nowaruda.pl\/sm1\/wp-content\/uploads\/2017\/02\/Protok\u00f3\u0142-Rady-Nadzorczej-2017-02.pdf\"><br \/>\n<\/a><a href=\"http:\/\/sm.nowaruda.pl\/sm1\/wp-content\/uploads\/2017\/02\/Protok\u00f3\u0142-Rady-Nadzorczej-2017-04.pdf\">Protok\u00f3\u0142 Rady Nadzorczej 2017-04<\/a><a href=\"http:\/\/sm.nowaruda.pl\/sm1\/wp-content\/uploads\/2017\/02\/Protok\u00f3\u0142-Rady-Nadzorczej-2017-02.pdf\"><br \/>\n<\/a><a href=\"http:\/\/sm.nowaruda.pl\/sm1\/wp-content\/uploads\/2017\/02\/Protok\u00f3\u0142-Rady-Nadzorczej-2017-05.pdf\">Protok\u00f3\u0142 Rady Nadzorczej 2017-05<br \/>\n<\/a><a href=\"http:\/\/sm.nowaruda.pl\/sm1\/wp-content\/uploads\/2017\/02\/Protok\u00f3\u0142-Rady-Nadzorczej-2017-06.pdf\">Protok\u00f3\u0142 Rady Nadzorczej 2017-06<\/a><a href=\"http:\/\/sm.nowaruda.pl\/sm1\/wp-content\/uploads\/2017\/02\/Protok\u00f3\u0142-Rady-Nadzorczej-2017-02.pdf\"><br \/>\n<\/a><a href=\"http:\/\/sm.nowaruda.pl\/sm1\/wp-content\/uploads\/2017\/02\/Protok\u00f3\u0142-Rady-Nadzorczej-2017-08.pdf\">Protok\u00f3\u0142 Rady Nadzorczej 2017-08<\/a><a href=\"http:\/\/sm.nowaruda.pl\/sm1\/wp-content\/uploads\/2017\/02\/Protok\u00f3\u0142-Rady-Nadzorczej-2017-02.pdf\"><br \/>\n<\/a><a href=\"http:\/\/sm.nowaruda.pl\/sm1\/wp-content\/uploads\/2017\/02\/Protok\u00f3\u0142-Rady-Nadzorczej-2017-09.pdf\">Protok\u00f3\u0142 Rady Nadzorczej 2017-09<\/a><a href=\"http:\/\/sm.nowaruda.pl\/sm1\/wp-content\/uploads\/2017\/02\/Protok\u00f3\u0142-Rady-Nadzorczej-2017-02.pdf\"><br \/>\n<\/a><a href=\"http:\/\/sm.nowaruda.pl\/sm1\/wp-content\/uploads\/2017\/02\/Protok\u00f3\u0142-Rady-Nadzorczej-2017-10.pdf\">Protok\u00f3\u0142 Rady Nadzorczej 2017-10<\/a><a href=\"http:\/\/sm.nowaruda.pl\/sm1\/wp-content\/uploads\/2017\/02\/Protok\u00f3\u0142-Rady-Nadzorczej-2017-02.pdf\"><br \/>\n<\/a><a href=\"http:\/\/sm.nowaruda.pl\/sm1\/wp-content\/uploads\/2018\/01\/Protok\u00f3\u0142-Rady-Nadzorczej-2017-11.pdf\">Protok\u00f3\u0142 Rady Nadzorczej 2017-11<\/a><a href=\"http:\/\/sm.nowaruda.pl\/sm1\/wp-content\/uploads\/2017\/02\/Protok\u00f3\u0142-Rady-Nadzorczej-2017-02.pdf\"><br \/>\n<\/a><a href=\"http:\/\/sm.nowaruda.pl\/sm1\/wp-content\/uploads\/2018\/03\/Protok\u00f3\u0142-Rady-Nadzorczej-2017-12.pdf\">Protok\u00f3\u0142 Rady Nadzorczej 2017-12<\/a><a href=\"http:\/\/sm.nowaruda.pl\/sm1\/wp-content\/uploads\/2017\/02\/Protok\u00f3\u0142-Rady-Nadzorczej-2017-02.pdf\"><br \/>\n<\/a><\/p>\n","protected":false},"excerpt":{"rendered":"<p>Protok\u00f3\u0142 Rady Nadzorczej 2017-01 Protok\u00f3\u0142 Rady Nadzorczej 2017-02 Protok\u00f3\u0142 Rady Nadzorczej 2017-03 Protok\u00f3\u0142 Rady Nadzorczej 2017-04 Protok\u00f3\u0142 Rady Nadzorczej 2017-05 Protok\u00f3\u0142 Rady Nadzorczej 2017-06 Protok\u00f3\u0142 Rady Nadzorczej 2017-08 Protok\u00f3\u0142 Rady Nadzorczej 2017-09 Protok\u00f3\u0142 Rady Nadzorczej 2017-10 Protok\u00f3\u0142 Rady Nadzorczej 2017-11 Protok\u00f3\u0142 Rady Nadzorczej 2017-12<\/p>\n","protected":false},"author":1,"featured_media":0,"parent":0,"menu_order":0,"comment_status":"closed","ping_status":"closed","template":"","meta":{"ngg_post_thumbnail":0,"footnotes":""},"class_list":["post-612","page","type-page","status-publish","hentry"],"_links":{"self":[{"href":"https:\/\/sm.nowaruda.pl\/sm1\/index.php?rest_route=\/wp\/v2\/pages\/612","targetHints":{"allow":["GET"]}}],"collection":[{"href":"https:\/\/sm.nowaruda.pl\/sm1\/index.php?rest_route=\/wp\/v2\/pages"}],"about":[{"href":"https:\/\/sm.nowaruda.pl\/sm1\/index.php?rest_route=\/wp\/v2\/types\/page"}],"author":[{"embeddable":true,"href":"https:\/\/sm.nowaruda.pl\/sm1\/index.php?rest_route=\/wp\/v2\/users\/1"}],"replies":[{"embeddable":true,"href":"https:\/\/sm.nowaruda.pl\/sm1\/index.php?rest_route=%2Fwp%2Fv2%2Fcomments&post=612"}],"version-history":[{"count":12,"href":"https:\/\/sm.nowaruda.pl\/sm1\/index.php?rest_route=\/wp\/v2\/pages\/612\/revisions"}],"predecessor-version":[{"id":810,"href":"https:\/\/sm.nowaruda.pl\/sm1\/index.php?rest_route=\/wp\/v2\/pages\/612\/revisions\/810"}],"wp:attachment":[{"href":"https:\/\/sm.nowaruda.pl\/sm1\/index.php?rest_route=%2Fwp%2Fv2%2Fmedia&parent=612"}],"curies":[{"name":"wp","href":"https:\/\/api.w.org\/{rel}","templated":true}]}}