{"id":486,"date":"2016-10-03T09:45:13","date_gmt":"2016-10-03T07:45:13","guid":{"rendered":"http:\/\/sm.nowaruda.pl\/sm1\/?page_id=486"},"modified":"2016-10-03T10:21:05","modified_gmt":"2016-10-03T08:21:05","slug":"protokoly-rady-nadzorczej-2014","status":"publish","type":"page","link":"https:\/\/sm.nowaruda.pl\/sm1\/?page_id=486","title":{"rendered":"Protoko\u0142y Rady Nadzorczej 2014"},"content":{"rendered":"<p><a href=\"http:\/\/sm.nowaruda.pl\/sm1\/wp-content\/uploads\/2016\/10\/2014-01.pdf\">Protok\u00f3\u0142 Rady Nadzorczej 2014-01<\/a><br \/>\n<a href=\"http:\/\/sm.nowaruda.pl\/sm1\/wp-content\/uploads\/2016\/10\/2014-02.pdf\">Protok\u00f3\u0142 Rady Nadzorczej 2014-02<\/a><br \/>\n<a href=\"http:\/\/sm.nowaruda.pl\/sm1\/wp-content\/uploads\/2016\/10\/2014-03.pdf\">Protok\u00f3\u0142 Rady Nadzorczej 2014-03<\/a><br \/>\n<a href=\"http:\/\/sm.nowaruda.pl\/sm1\/wp-content\/uploads\/2016\/10\/2014-04.pdf\">Protok\u00f3\u0142 Rady Nadzorczej 2014-04<\/a><br \/>\n<a href=\"http:\/\/sm.nowaruda.pl\/sm1\/wp-content\/uploads\/2016\/10\/2014-05.pdf\">Protok\u00f3\u0142 Rady Nadzorczej 2014-05<\/a><br \/>\n<a href=\"http:\/\/sm.nowaruda.pl\/sm1\/wp-content\/uploads\/2016\/10\/2014-06.pdf\">Protok\u00f3\u0142 Rady Nadzorczej 2014-06<\/a><br \/>\n<a href=\"http:\/\/sm.nowaruda.pl\/sm1\/wp-content\/uploads\/2016\/10\/2014-08.pdf\">Protok\u00f3\u0142 Rady Nadzorczej 2014-08<\/a><br \/>\n<a href=\"http:\/\/sm.nowaruda.pl\/sm1\/wp-content\/uploads\/2016\/10\/2014-09.pdf\">Protok\u00f3\u0142 Rady Nadzorczej 2014-09<\/a><br \/>\n<a href=\"http:\/\/sm.nowaruda.pl\/sm1\/wp-content\/uploads\/2016\/10\/2014-10.pdf\">Protok\u00f3\u0142 Rady Nadzorczej 2014-10<\/a><br \/>\n<a href=\"http:\/\/sm.nowaruda.pl\/sm1\/wp-content\/uploads\/2016\/10\/2014-11.pdf\">Protok\u00f3\u0142 Rady Nadzorczej 2014-11<\/a><br \/>\n<a href=\"http:\/\/sm.nowaruda.pl\/sm1\/wp-content\/uploads\/2016\/10\/2014-12.pdf\">Protok\u00f3\u0142 Rady Nadzorczej 2014-12<\/a><\/p>\n","protected":false},"excerpt":{"rendered":"<p>Protok\u00f3\u0142 Rady Nadzorczej 2014-01 Protok\u00f3\u0142 Rady Nadzorczej 2014-02 Protok\u00f3\u0142 Rady Nadzorczej 2014-03 Protok\u00f3\u0142 Rady Nadzorczej 2014-04 Protok\u00f3\u0142 Rady Nadzorczej 2014-05 Protok\u00f3\u0142 Rady Nadzorczej 2014-06 Protok\u00f3\u0142 Rady Nadzorczej 2014-08 Protok\u00f3\u0142 Rady Nadzorczej 2014-09 Protok\u00f3\u0142 Rady Nadzorczej 2014-10 Protok\u00f3\u0142 Rady Nadzorczej 2014-11 Protok\u00f3\u0142 Rady Nadzorczej 2014-12<\/p>\n","protected":false},"author":1,"featured_media":0,"parent":19,"menu_order":0,"comment_status":"closed","ping_status":"closed","template":"","meta":{"ngg_post_thumbnail":0,"footnotes":""},"class_list":["post-486","page","type-page","status-publish","hentry"],"_links":{"self":[{"href":"https:\/\/sm.nowaruda.pl\/sm1\/index.php?rest_route=\/wp\/v2\/pages\/486","targetHints":{"allow":["GET"]}}],"collection":[{"href":"https:\/\/sm.nowaruda.pl\/sm1\/index.php?rest_route=\/wp\/v2\/pages"}],"about":[{"href":"https:\/\/sm.nowaruda.pl\/sm1\/index.php?rest_route=\/wp\/v2\/types\/page"}],"author":[{"embeddable":true,"href":"https:\/\/sm.nowaruda.pl\/sm1\/index.php?rest_route=\/wp\/v2\/users\/1"}],"replies":[{"embeddable":true,"href":"https:\/\/sm.nowaruda.pl\/sm1\/index.php?rest_route=%2Fwp%2Fv2%2Fcomments&post=486"}],"version-history":[{"count":7,"href":"https:\/\/sm.nowaruda.pl\/sm1\/index.php?rest_route=\/wp\/v2\/pages\/486\/revisions"}],"predecessor-version":[{"id":520,"href":"https:\/\/sm.nowaruda.pl\/sm1\/index.php?rest_route=\/wp\/v2\/pages\/486\/revisions\/520"}],"up":[{"embeddable":true,"href":"https:\/\/sm.nowaruda.pl\/sm1\/index.php?rest_route=\/wp\/v2\/pages\/19"}],"wp:attachment":[{"href":"https:\/\/sm.nowaruda.pl\/sm1\/index.php?rest_route=%2Fwp%2Fv2%2Fmedia&parent=486"}],"curies":[{"name":"wp","href":"https:\/\/api.w.org\/{rel}","templated":true}]}}