{"id":45,"date":"2014-07-23T09:59:52","date_gmt":"2014-07-23T09:59:52","guid":{"rendered":"http:\/\/sm.nowaruda.pl\/sm1\/?page_id=45"},"modified":"2024-06-21T13:28:20","modified_gmt":"2024-06-21T11:28:20","slug":"pozostale","status":"publish","type":"page","link":"https:\/\/sm.nowaruda.pl\/sm1\/?page_id=45","title":{"rendered":"Pozosta\u0142e"},"content":{"rendered":"<p style=\"text-align: left;\"><span style=\"color: #3366ff;\"><a href=\"\/sm1\/dane\/doks\/17012013\/RegulaminustalaniaudzialuczlonkowSMwpozytkachisposobuichwykorzystania.pdf\" target=\"_blank\" rel=\"noopener noreferrer\"><strong>1. REGULAMIN ustalania udzia\u0142u cz\u0142onk\u00f3w Sp\u00f3\u0142dzielni w po\u017cytkach i sposobu ich wykorzystania w Sp\u00f3\u0142dzielni Mieszkaniowej w Nowej Rudzie<\/strong><\/a><\/span><\/p>\n<p style=\"text-align: left;\"><span style=\"color: #3366ff;\"><a title=\"Regulamin rozliczania koszt\u00f3w gospodarki zasobami mieszkaniowymi i ustalania op\u0142at za u\u017cywanie lokali w Sp\u00f3\u0142dzielni Mieszkaniowej w Nowej Rudzie\" href=\"http:\/\/sm.nowaruda.pl\/sm1\/wp-content\/uploads\/2024\/06\/Regulamin-rozliczania-kosztow-gospodarki-zasobami-mieszkaniowymi-i-ustalania-oplat-za-uzywanie-lokali-Uchwala-RN-nr-10-2024.pdf\" target=\"_blank\" rel=\"noopener noreferrer\"><strong>2. Regulamin rozliczania koszt\u00f3w gospodarki zasobami mieszkaniowymi i ustalania op\u0142at za u\u017cywanie lokali<\/strong><\/a><\/span><\/p>\n<p><strong><a href=\"http:\/\/sm.nowaruda.pl\/sm1\/wp-content\/uploads\/2022\/04\/Regulamin-zamowien-na-roboty-budowlane.pdf\">3. <\/a><a href=\"http:\/\/sm.nowaruda.pl\/sm1\/wp-content\/uploads\/2023\/08\/regulamin-zamowien-na-roboty-budowlane.pdf\">Regulamin zam\u00f3wie\u0144 na roboty budowlane<\/a><\/strong><\/p>\n<p><strong><a href=\"http:\/\/sm.nowaruda.pl\/sm1\/wp-content\/uploads\/2014\/07\/Regulamin%20ustanawiania%20odr%c4%99bnej%20wlasnosci%20lokali.pdf\">4. Regulamin zasad organizowania przetarg\u00f3w na sprzeda\u017c nieruchomo\u015bci oraz ustanawiania odr\u0119bnej w\u0142asno\u015bci lokali<\/a><\/strong><\/p>\n<p><strong><a href=\"http:\/\/sm.nowaruda.pl\/sm1\/wp-content\/uploads\/2022\/05\/Uchwala-nr-11-1.pdf\">5. Regulamin trybu wynajmowania z zasob\u00f3w Sp\u00f3\u0142dzielni Mieszkaniowej w Nowej Rudzie lokali mieszkalnych i u\u017cytkowych a tak\u017ce zasad przeprowadzania przetarg\u00f3w na oddanie w najem tych lokali<\/a><\/strong><\/p>\n<p><a href=\"http:\/\/sm.nowaruda.pl\/sm1\/wp-content\/uploads\/2022\/05\/Uchwala-RN-13-2022.pdf\"><strong>6. Regulamin najmu i korzystania z pomieszcze\u0144 wsp\u00f3lnego u\u017cytku oraz cz\u0119\u015bci nieruchomo\u015bci wsp\u00f3lnej pozostaj\u0105cych w zarz\u0105dzie Sp\u00f3\u0142dzielni Mieszkaniowej w Nowej Rudzie<\/strong><\/a><\/p>\n<p><strong><span style=\"color: #3366ff;\"><a href=\"http:\/\/sm.nowaruda.pl\/sm1\/wp-content\/uploads\/2014\/07\/Regulamin-u\u017cytkowania-budynk\u00f3w-i-lokali.pdf\">7. Regulamin u\u017cytkowania budynk\u00f3w i lokali<\/a><\/span><\/strong><\/p>\n<p><span style=\"color: #3366ff;\"><a title=\"Regulamin rozlicze\u0144 koszt\u00f3w CO i CW\" href=\"http:\/\/sm.nowaruda.pl\/sm1\/?p=141\"><strong>8. Regulamin rozlicze\u0144 koszt\u00f3w CO i CW<\/strong><\/a><\/span><\/p>\n<p><span style=\"color: #3366ff;\"><a href=\"\/sm1\/dane\/rada_nadzorcza\/2015\/Uchwala_RN_nr_15-2015.pdf\" target=\"_blank\" rel=\"noopener noreferrer\"><strong>9. Regulamin funduszu remontowego<\/strong><\/a><\/span><\/p>\n<p><span style=\"color: #3366ff;\"><strong><a href=\"http:\/\/sm.nowaruda.pl\/sm1\/wp-content\/uploads\/2017\/02\/Regulamin%20ochrony%20danych%20osobowych.pdf\">10. Regulamin ochrony danych osobowych<\/a><\/strong><\/span><\/p>\n","protected":false},"excerpt":{"rendered":"<p>1. REGULAMIN ustalania udzia\u0142u cz\u0142onk\u00f3w Sp\u00f3\u0142dzielni w po\u017cytkach i sposobu ich wykorzystania w Sp\u00f3\u0142dzielni Mieszkaniowej w Nowej Rudzie 2. Regulamin rozliczania koszt\u00f3w gospodarki zasobami mieszkaniowymi i ustalania op\u0142at za u\u017cywanie lokali 3. Regulamin zam\u00f3wie\u0144 na roboty budowlane 4. Regulamin zasad organizowania przetarg\u00f3w na sprzeda\u017c nieruchomo\u015bci oraz ustanawiania odr\u0119bnej w\u0142asno\u015bci lokali 5. Regulamin trybu wynajmowania z &hellip; <a href=\"https:\/\/sm.nowaruda.pl\/sm1\/?page_id=45\" class=\"more-link\">Czytaj dalej <span class=\"screen-reader-text\">Pozosta\u0142e<\/span> <span class=\"meta-nav\">&rarr;<\/span><\/a><\/p>\n","protected":false},"author":1,"featured_media":0,"parent":0,"menu_order":0,"comment_status":"closed","ping_status":"open","template":"page-templates\/full-width.php","meta":{"ngg_post_thumbnail":0,"footnotes":""},"class_list":["post-45","page","type-page","status-publish","hentry"],"_links":{"self":[{"href":"https:\/\/sm.nowaruda.pl\/sm1\/index.php?rest_route=\/wp\/v2\/pages\/45","targetHints":{"allow":["GET"]}}],"collection":[{"href":"https:\/\/sm.nowaruda.pl\/sm1\/index.php?rest_route=\/wp\/v2\/pages"}],"about":[{"href":"https:\/\/sm.nowaruda.pl\/sm1\/index.php?rest_route=\/wp\/v2\/types\/page"}],"author":[{"embeddable":true,"href":"https:\/\/sm.nowaruda.pl\/sm1\/index.php?rest_route=\/wp\/v2\/users\/1"}],"replies":[{"embeddable":true,"href":"https:\/\/sm.nowaruda.pl\/sm1\/index.php?rest_route=%2Fwp%2Fv2%2Fcomments&post=45"}],"version-history":[{"count":37,"href":"https:\/\/sm.nowaruda.pl\/sm1\/index.php?rest_route=\/wp\/v2\/pages\/45\/revisions"}],"predecessor-version":[{"id":2457,"href":"https:\/\/sm.nowaruda.pl\/sm1\/index.php?rest_route=\/wp\/v2\/pages\/45\/revisions\/2457"}],"wp:attachment":[{"href":"https:\/\/sm.nowaruda.pl\/sm1\/index.php?rest_route=%2Fwp%2Fv2%2Fmedia&parent=45"}],"curies":[{"name":"wp","href":"https:\/\/api.w.org\/{rel}","templated":true}]}}