{"id":2718,"date":"2026-02-11T10:53:04","date_gmt":"2026-02-11T08:53:04","guid":{"rendered":"https:\/\/sm.nowaruda.pl\/sm1\/?page_id=2718"},"modified":"2026-03-31T13:15:10","modified_gmt":"2026-03-31T11:15:10","slug":"uchwaly-rady-nadzorczej-2026r","status":"publish","type":"page","link":"https:\/\/sm.nowaruda.pl\/sm1\/?page_id=2718","title":{"rendered":"Uchwa\u0142y rady nadzorczej 2026R"},"content":{"rendered":"\n<p><strong><a href=\"http:\/\/sm.nowaruda.pl\/sm1\/wp-content\/uploads\/2026\/02\/20260210174016.pdf\" data-type=\"link\" data-id=\"http:\/\/sm.nowaruda.pl\/sm1\/wp-content\/uploads\/2026\/02\/20260210174016.pdf\">Uchwa\u0142a Rady Nadzorczej SM nr 1-2026<\/a><br><a href=\"http:\/\/sm.nowaruda.pl\/sm1\/wp-content\/uploads\/2026\/02\/20260210174455.pdf\" data-type=\"link\" data-id=\"http:\/\/sm.nowaruda.pl\/sm1\/wp-content\/uploads\/2026\/02\/20260210174455.pdf\">Uchwa\u0142a Rady Nadzorczej SM nr 2-2026<\/a><br><a href=\"http:\/\/sm.nowaruda.pl\/sm1\/wp-content\/uploads\/2026\/02\/20260210174845.pdf\" data-type=\"link\" data-id=\"http:\/\/sm.nowaruda.pl\/sm1\/wp-content\/uploads\/2026\/02\/20260210174845.pdf\">Uchwa\u0142a Rady Nadzorczej SM nr 4-2026<\/a><\/strong><br><a href=\"http:\/\/sm.nowaruda.pl\/sm1\/wp-content\/uploads\/2026\/03\/Uchwala-Rady-Nadzorczej-SM-nr-7.pdf\" data-type=\"link\" data-id=\"http:\/\/sm.nowaruda.pl\/sm1\/wp-content\/uploads\/2026\/03\/Uchwala-Rady-Nadzorczej-SM-nr-7.pdf\"><strong>Uchwa\u0142a Rady Nadzorczej SM nr 7-2026<\/strong><\/a><br><a href=\"http:\/\/sm.nowaruda.pl\/sm1\/wp-content\/uploads\/2026\/03\/Uchwala-Rady-Nadzorczej-SM-nr-8.pdf\" data-type=\"link\" data-id=\"http:\/\/sm.nowaruda.pl\/sm1\/wp-content\/uploads\/2026\/03\/Uchwala-Rady-Nadzorczej-SM-nr-8.pdf\"><strong>Uchwa\u0142a Rady Nadzorczej SM nr 8-2026<\/strong><\/a><br><strong><a href=\"http:\/\/sm.nowaruda.pl\/sm1\/wp-content\/uploads\/2026\/03\/Uchwala-Rady-Nadzorczej-SM-nr-9.pdf\" data-type=\"link\" data-id=\"http:\/\/sm.nowaruda.pl\/sm1\/wp-content\/uploads\/2026\/03\/Uchwala-Rady-Nadzorczej-SM-nr-9.pdf\">Uchwa\u0142a Rady Nadzorczej SM nr 9-2026<\/a><\/strong><br><a href=\"http:\/\/sm.nowaruda.pl\/sm1\/wp-content\/uploads\/2026\/03\/Uchwala-Rady-Nadzorczej-SM-nr-10.pdf\" data-type=\"link\" data-id=\"http:\/\/sm.nowaruda.pl\/sm1\/wp-content\/uploads\/2026\/03\/Uchwala-Rady-Nadzorczej-SM-nr-10.pdf\"><strong>Uchwa\u0142a Rady Nadzorczej SM nr 10-2026<\/strong><\/a><br><strong><a href=\"http:\/\/sm.nowaruda.pl\/sm1\/wp-content\/uploads\/2026\/03\/Uchwala-Rady-Nadzorczej-SM-nr-11.pdf\" data-type=\"link\" data-id=\"http:\/\/sm.nowaruda.pl\/sm1\/wp-content\/uploads\/2026\/03\/Uchwala-Rady-Nadzorczej-SM-nr-11.pdf\">Uchwa\u0142a Rady Nadzorczej SM nr 11-2026<\/a><\/strong><\/p>\n\n\n\n<p><\/p>\n","protected":false},"excerpt":{"rendered":"<p>Uchwa\u0142a Rady Nadzorczej SM nr 1-2026Uchwa\u0142a Rady Nadzorczej SM nr 2-2026Uchwa\u0142a Rady Nadzorczej SM nr 4-2026Uchwa\u0142a Rady Nadzorczej SM nr 7-2026Uchwa\u0142a Rady Nadzorczej SM nr 8-2026Uchwa\u0142a Rady Nadzorczej SM nr 9-2026Uchwa\u0142a Rady Nadzorczej SM nr 10-2026Uchwa\u0142a Rady Nadzorczej SM nr 11-2026<\/p>\n","protected":false},"author":1,"featured_media":0,"parent":0,"menu_order":0,"comment_status":"closed","ping_status":"closed","template":"","meta":{"ngg_post_thumbnail":0,"footnotes":""},"class_list":["post-2718","page","type-page","status-publish","hentry"],"_links":{"self":[{"href":"https:\/\/sm.nowaruda.pl\/sm1\/index.php?rest_route=\/wp\/v2\/pages\/2718","targetHints":{"allow":["GET"]}}],"collection":[{"href":"https:\/\/sm.nowaruda.pl\/sm1\/index.php?rest_route=\/wp\/v2\/pages"}],"about":[{"href":"https:\/\/sm.nowaruda.pl\/sm1\/index.php?rest_route=\/wp\/v2\/types\/page"}],"author":[{"embeddable":true,"href":"https:\/\/sm.nowaruda.pl\/sm1\/index.php?rest_route=\/wp\/v2\/users\/1"}],"replies":[{"embeddable":true,"href":"https:\/\/sm.nowaruda.pl\/sm1\/index.php?rest_route=%2Fwp%2Fv2%2Fcomments&post=2718"}],"version-history":[{"count":2,"href":"https:\/\/sm.nowaruda.pl\/sm1\/index.php?rest_route=\/wp\/v2\/pages\/2718\/revisions"}],"predecessor-version":[{"id":2764,"href":"https:\/\/sm.nowaruda.pl\/sm1\/index.php?rest_route=\/wp\/v2\/pages\/2718\/revisions\/2764"}],"wp:attachment":[{"href":"https:\/\/sm.nowaruda.pl\/sm1\/index.php?rest_route=%2Fwp%2Fv2%2Fmedia&parent=2718"}],"curies":[{"name":"wp","href":"https:\/\/api.w.org\/{rel}","templated":true}]}}