{"id":2713,"date":"2026-02-11T10:46:21","date_gmt":"2026-02-11T08:46:21","guid":{"rendered":"https:\/\/sm.nowaruda.pl\/sm1\/?page_id=2713"},"modified":"2026-03-27T11:47:40","modified_gmt":"2026-03-27T09:47:40","slug":"remonty-2025-r","status":"publish","type":"page","link":"https:\/\/sm.nowaruda.pl\/sm1\/?page_id=2713","title":{"rendered":"REMONTY 2025 R"},"content":{"rendered":"\n<p><strong><a href=\"http:\/\/sm.nowaruda.pl\/sm1\/wp-content\/uploads\/2026\/03\/Rozliczenie-remontow-2025-Nowa-Ruda-osiedle-Piastowskie.pdf\">Rozliczenie remont\u00f3w &#8211; 2025 &#8211; Nowa Ruda &#8211; osiedle Piastowski\u2026<\/a><\/strong><br><strong><a href=\"http:\/\/sm.nowaruda.pl\/sm1\/wp-content\/uploads\/2026\/03\/Rozliczenie-remontow-2025-Slupiec-osiedle-Wojska-Polskiego.pdf\">Rozliczenie remont\u00f3w &#8211; 2025 &#8211; S\u0142upiec &#8211; osiedle Wojska Polsk\u2026<\/a><\/strong><br><strong><a href=\"http:\/\/sm.nowaruda.pl\/sm1\/wp-content\/uploads\/2026\/03\/Rozliczenie-remontow-2025-Slupiec-osiedle-XXX-lecia.pdf\">Rozliczenie remont\u00f3w &#8211; 2025 &#8211; S\u0142upiec &#8211; osiedle XXX-lecia<\/a><\/strong><br><strong><a href=\"http:\/\/sm.nowaruda.pl\/sm1\/wp-content\/uploads\/2026\/03\/Rozliczenie-remontow-2025-Nowa-Ruda-pozostale-budynki.pdf\">Rozliczenie remont\u00f3w &#8211; 2025 &#8211; Nowa Ruda &#8211; pozosta\u0142e budynki<\/a><\/strong><\/p>\n\n\n\n<p><\/p>\n","protected":false},"excerpt":{"rendered":"<p>Rozliczenie remont\u00f3w &#8211; 2025 &#8211; Nowa Ruda &#8211; osiedle Piastowski\u2026Rozliczenie remont\u00f3w &#8211; 2025 &#8211; S\u0142upiec &#8211; osiedle Wojska Polsk\u2026Rozliczenie remont\u00f3w &#8211; 2025 &#8211; S\u0142upiec &#8211; osiedle XXX-leciaRozliczenie remont\u00f3w &#8211; 2025 &#8211; Nowa Ruda &#8211; pozosta\u0142e budynki<\/p>\n","protected":false},"author":1,"featured_media":0,"parent":0,"menu_order":0,"comment_status":"closed","ping_status":"closed","template":"","meta":{"ngg_post_thumbnail":0,"footnotes":""},"class_list":["post-2713","page","type-page","status-publish","hentry"],"_links":{"self":[{"href":"https:\/\/sm.nowaruda.pl\/sm1\/index.php?rest_route=\/wp\/v2\/pages\/2713","targetHints":{"allow":["GET"]}}],"collection":[{"href":"https:\/\/sm.nowaruda.pl\/sm1\/index.php?rest_route=\/wp\/v2\/pages"}],"about":[{"href":"https:\/\/sm.nowaruda.pl\/sm1\/index.php?rest_route=\/wp\/v2\/types\/page"}],"author":[{"embeddable":true,"href":"https:\/\/sm.nowaruda.pl\/sm1\/index.php?rest_route=\/wp\/v2\/users\/1"}],"replies":[{"embeddable":true,"href":"https:\/\/sm.nowaruda.pl\/sm1\/index.php?rest_route=%2Fwp%2Fv2%2Fcomments&post=2713"}],"version-history":[{"count":2,"href":"https:\/\/sm.nowaruda.pl\/sm1\/index.php?rest_route=\/wp\/v2\/pages\/2713\/revisions"}],"predecessor-version":[{"id":2757,"href":"https:\/\/sm.nowaruda.pl\/sm1\/index.php?rest_route=\/wp\/v2\/pages\/2713\/revisions\/2757"}],"wp:attachment":[{"href":"https:\/\/sm.nowaruda.pl\/sm1\/index.php?rest_route=%2Fwp%2Fv2%2Fmedia&parent=2713"}],"curies":[{"name":"wp","href":"https:\/\/api.w.org\/{rel}","templated":true}]}}