{"id":2548,"date":"2025-04-03T09:39:55","date_gmt":"2025-04-03T07:39:55","guid":{"rendered":"https:\/\/sm.nowaruda.pl\/sm1\/?page_id=2548"},"modified":"2025-05-23T12:21:28","modified_gmt":"2025-05-23T10:21:28","slug":"uchwaly-rady-nadzorczej-2025","status":"publish","type":"page","link":"https:\/\/sm.nowaruda.pl\/sm1\/?page_id=2548","title":{"rendered":"Uchwa\u0142y Rady Nadzorczej-2025"},"content":{"rendered":"<p><span class=\"media-list-title\"><strong><a href=\"http:\/\/sm.nowaruda.pl\/sm1\/wp-content\/uploads\/2025\/04\/Uchwala-Rady-Nadzorczej-SM-nr-1-2025.pdf\">Uchwa\u0142a Rady Nadzorczej SM nr 1-2025<\/a><br \/>\n<a href=\"http:\/\/sm.nowaruda.pl\/sm1\/wp-content\/uploads\/2025\/04\/Uchwala-Rady-Nadzorczej-SM-nr-2-2025.pdf\">Uchwa\u0142a Rady Nadzorczej SM nr 2-2025<\/a><br \/>\n<\/strong><\/span><span class=\"media-list-title\"><strong><a href=\"http:\/\/sm.nowaruda.pl\/sm1\/wp-content\/uploads\/2025\/04\/Uchwala-Rady-Nadzorczej-SM-nr-3-2025.pdf\">Uchwa\u0142a Rady Nadzorczej SM nr 3-2025<\/a><br \/>\n<a href=\"http:\/\/sm.nowaruda.pl\/sm1\/wp-content\/uploads\/2025\/04\/Uchwala-Rady-Nadzorczej-SM-nr-4-2025.pdf\">Uchwa\u0142a Rady Nadzorczej SM nr 4-2025<\/a><br \/>\n<a href=\"http:\/\/sm.nowaruda.pl\/sm1\/wp-content\/uploads\/2025\/05\/Uchwala-Rady-Nadzorczej-SM-nr-6-2025.pdf\">Uchwa\u0142a Rady Nadzorczej SM nr 6-2025<\/a><br \/>\n<a href=\"http:\/\/sm.nowaruda.pl\/sm1\/wp-content\/uploads\/2025\/05\/Uchwala-Rady-Nadzorczej-SM-nr-7-2025.pdf\">Uchwa\u0142a Rady Nadzorczej SM nr 7-2025<\/a><br \/>\n<a href=\"http:\/\/sm.nowaruda.pl\/sm1\/wp-content\/uploads\/2025\/05\/Uchwala-Rady-Nadzorczej-SM-nr-8-2025.pdf\">Uchwa\u0142a Rady Nadzorczej SM nr 8-2025<\/a><br \/>\n<a href=\"http:\/\/sm.nowaruda.pl\/sm1\/wp-content\/uploads\/2025\/04\/Uchwala-Rady-Nadzorczej-SM-nr-4-2025.pdf\">Uchwa\u0142a Rady Nadzorczej SM nr 9-2025<\/a><br \/>\n<a href=\"http:\/\/sm.nowaruda.pl\/sm1\/wp-content\/uploads\/2025\/05\/Uchwala-Rady-Nadzorczej-SM-nr-10-2025.pdf\">Uchwa\u0142a Rady Nadzorczej SM nr 10-2025<\/a><br \/>\n<\/strong><\/span><\/p>\n<p>&nbsp;<\/p>\n<p>&nbsp;<\/p>\n","protected":false},"excerpt":{"rendered":"<p>Uchwa\u0142a Rady Nadzorczej SM nr 1-2025 Uchwa\u0142a Rady Nadzorczej SM nr 2-2025 Uchwa\u0142a Rady Nadzorczej SM nr 3-2025 Uchwa\u0142a Rady Nadzorczej SM nr 4-2025 Uchwa\u0142a Rady Nadzorczej SM nr 6-2025 Uchwa\u0142a Rady Nadzorczej SM nr 7-2025 Uchwa\u0142a Rady Nadzorczej SM nr 8-2025 Uchwa\u0142a Rady Nadzorczej SM nr 9-2025 Uchwa\u0142a Rady Nadzorczej SM nr 10-2025 &nbsp; &hellip; <a href=\"https:\/\/sm.nowaruda.pl\/sm1\/?page_id=2548\" class=\"more-link\">Czytaj dalej <span class=\"screen-reader-text\">Uchwa\u0142y Rady Nadzorczej-2025<\/span> <span class=\"meta-nav\">&rarr;<\/span><\/a><\/p>\n","protected":false},"author":1,"featured_media":0,"parent":0,"menu_order":0,"comment_status":"closed","ping_status":"closed","template":"","meta":{"ngg_post_thumbnail":0,"footnotes":""},"class_list":["post-2548","page","type-page","status-publish","hentry"],"_links":{"self":[{"href":"https:\/\/sm.nowaruda.pl\/sm1\/index.php?rest_route=\/wp\/v2\/pages\/2548","targetHints":{"allow":["GET"]}}],"collection":[{"href":"https:\/\/sm.nowaruda.pl\/sm1\/index.php?rest_route=\/wp\/v2\/pages"}],"about":[{"href":"https:\/\/sm.nowaruda.pl\/sm1\/index.php?rest_route=\/wp\/v2\/types\/page"}],"author":[{"embeddable":true,"href":"https:\/\/sm.nowaruda.pl\/sm1\/index.php?rest_route=\/wp\/v2\/users\/1"}],"replies":[{"embeddable":true,"href":"https:\/\/sm.nowaruda.pl\/sm1\/index.php?rest_route=%2Fwp%2Fv2%2Fcomments&post=2548"}],"version-history":[{"count":2,"href":"https:\/\/sm.nowaruda.pl\/sm1\/index.php?rest_route=\/wp\/v2\/pages\/2548\/revisions"}],"predecessor-version":[{"id":2614,"href":"https:\/\/sm.nowaruda.pl\/sm1\/index.php?rest_route=\/wp\/v2\/pages\/2548\/revisions\/2614"}],"wp:attachment":[{"href":"https:\/\/sm.nowaruda.pl\/sm1\/index.php?rest_route=%2Fwp%2Fv2%2Fmedia&parent=2548"}],"curies":[{"name":"wp","href":"https:\/\/api.w.org\/{rel}","templated":true}]}}