{"id":2404,"date":"2024-05-18T10:55:03","date_gmt":"2024-05-18T08:55:03","guid":{"rendered":"http:\/\/sm.nowaruda.pl\/sm1\/?page_id=2404"},"modified":"2025-06-20T09:02:10","modified_gmt":"2025-06-20T07:02:10","slug":"walne-zgromadzenie-2024","status":"publish","type":"page","link":"https:\/\/sm.nowaruda.pl\/sm1\/?page_id=2404","title":{"rendered":"Walne Zgromadzenie 2025"},"content":{"rendered":"<p>Zarz\u0105d Sp\u00f3\u0142dzielni Mieszkaniowej w Nowej Rudzie zawiadamia, \u017ce w dniach 13-14<br \/>\nczerwca 2025 roku odby\u0142o si\u0119 Walne Zgromadzenie, kt\u00f3re zgodnie z Uchwa\u0142\u0105 nr<br \/>\n10\/2025 Rady Nadzorczej Sp\u00f3\u0142dzielni Mieszkaniowej w Nowej Rudzie z dnia 23 maja<br \/>\n2025 roku podzielone by\u0142o na dwie cz\u0119\u015bci:<br \/>\n\u2022 pierwsza cz\u0119\u015b\u0107 odby\u0142a si\u0119 w dniu 13 czerwca od godz. 16 00 w Domu Dzia\u0142kowca<br \/>\nna terenie ROD \u201eJa\u015bmin\u201d, ul. Sportowa 3 w Nowej Rudzie<br \/>\n\u2022 druga cz\u0119\u015b\u0107 odby\u0142a si\u0119 w dniu 14 czerwca od godz. 10 00 w \u201eRestauracji Sportowa\u201d<br \/>\nznajduj\u0105cej si\u0119 na terenie Centrum Turystyczno-Sportowym, ul. K\u0142odzka 16 w<br \/>\nNowej Rudzie.<br \/>\nO przynale\u017cno\u015bci do okre\u015blonej cz\u0119\u015bci Walnego Zgromadzenia decydowa\u0142o miejsce<br \/>\npo\u0142o\u017cenia posiadanego przez cz\u0142onka lokalu.<br \/>\nW obradach Walnego Zgromadzenia Sp\u00f3\u0142dzielni Mieszkaniowej w Nowej Rudzie<br \/>\nuczestniczy\u0142o \u0142\u0105cznie 39 cz\u0142onk\u00f3w, co stanowi 1,81 % og\u00f3lnej liczby 2.149 cz\u0142onk\u00f3w<br \/>\nnaszej Sp\u00f3\u0142dzielni.<br \/>\nDzi\u0119kujemy wszystkim tym, kt\u00f3rzy po\u015bwi\u0119cili sw\u00f3j czas na udzia\u0142 w Walnym<br \/>\nZgromadzeniu i aktywnie, poprzez g\u0142osowanie nad uchwa\u0142ami, uczestniczyli w<br \/>\npodejmowaniu wa\u017cnych decyzji dla funkcjonowania Sp\u00f3\u0142dzielni.<\/p>\n<p>&nbsp;<\/p>\n<ol>\n<li><a href=\"http:\/\/sm.nowaruda.pl\/sm1\/wp-content\/uploads\/2025\/05\/Porzadek-obrad-WZ-w-2025.docx\">Porz\u0105dek obrad Walnego Zgromadzenia Sp\u00f3\u0142dzielni Mieszkaniowej w Nowej Rudzie<\/a><\/li>\n<li><a href=\"http:\/\/sm.nowaruda.pl\/sm1\/wp-content\/uploads\/2025\/06\/Projekt-uchwaly-w-sprawie-zatwierdzenia-sprawozdania-Rady-Nadzorczej-SM.pdf\">Projekt uchwa\u0142y w sprawie zatwierdzenia sprawozdania RN<\/a><\/li>\n<li><a href=\"http:\/\/sm.nowaruda.pl\/sm1\/wp-content\/uploads\/2025\/06\/Projekt-uchwaly-w-sprawie-zatwierdzenia-sprawozdania-finansowego-SM.pdf\">Projekt uchwa\u0142y w sprawie zatwierdzenia sprawozdania finansowego<\/a><\/li>\n<li><a href=\"http:\/\/sm.nowaruda.pl\/sm1\/wp-content\/uploads\/2025\/06\/Projekt-uchwaly-w-sprawie-zatwierdzenia-sprawozdania-Zarzadu-SM-.pdf\">Projekt uchwa\u0142y w sprawie zatwierdzenia sprawozdania Zarz\u0105du SM Nowa Ruda<\/a><\/li>\n<li><a href=\"http:\/\/sm.nowaruda.pl\/sm1\/wp-content\/uploads\/2025\/06\/Projekt-uchwaly-w-sprawie-podzialu-nadwyzki-bilansowej-SM.pdf\">Projekt uchwa\u0142y w sprawie podzia\u0142u nadwy\u017cki bilansowej<\/a><\/li>\n<li><a href=\"http:\/\/sm.nowaruda.pl\/sm1\/wp-content\/uploads\/2025\/06\/Projekt-uchwaly-w-sprawie-udzielenia-absolutorium-Prezesowi-Zarzadu-SM.pdf\">Projekt uchwa\u0142y w sprawie udzielenia absolutorium dla Prezesa Zarz\u0105du<\/a><\/li>\n<li><a href=\"http:\/\/sm.nowaruda.pl\/sm1\/wp-content\/uploads\/2025\/06\/Projekt-uchwaly-w-sprawie-udzielenia-absolutorium-Z-cy-Prezesa-Zarzadu-ds.-Ekonimicznych-SM.pdf\">Projekt uchwa\u0142y w sprawie udzielenia absolutorium dla Z-cy ds Ekonomocznych 2<\/a><\/li>\n<li><a href=\"http:\/\/sm.nowaruda.pl\/sm1\/wp-content\/uploads\/2025\/06\/Projekt-uchwaly-w-sprawie-udzielenia-absolutorium-Czlonkowi-Zarzadu-SM.pdf\">Projekt uchwa\u0142y w sprawie udzielenia absolutoriu dla Cz\u0142onka Zarz\u0105du<\/a><\/li>\n<li><a href=\"http:\/\/sm.nowaruda.pl\/sm1\/wp-content\/uploads\/2025\/06\/Projekt-uchwaly-w-sprawie-ustalenia-najwyzszej-sumy-zobowiazan-SM.pdf\">Projekt uchwa\u0142y w sprawie ustalenia najwy\u017cszej sumy zobowi\u0105a\u0144<\/a><\/li>\n<li><a href=\"http:\/\/sm.nowaruda.pl\/sm1\/wp-content\/uploads\/2025\/05\/Sprawozdanie-z-realizacji-wnioskow-polustracyjnych.pdf\">Sprawozdanie z realizacji wniosk\u00f3w polustracyjnych<\/a><\/li>\n<li><a href=\"http:\/\/sm.nowaruda.pl\/sm1\/wp-content\/uploads\/2025\/05\/Pelnomocnictwo-na-WZ.pdf\">Wz\u00f3r pe\u0142nomocnictwa<\/a><\/li>\n<li><a href=\"http:\/\/sm.nowaruda.pl\/sm1\/wp-content\/uploads\/2025\/05\/Klauzula-informacyjna-RODO.pdf\">KLAUZULA RODO<\/a><span class=\"media-list-title\"><strong><br \/>\n<\/strong><\/span><\/li>\n<\/ol>\n<p><a href=\"http:\/\/sm.nowaruda.pl\/sm1\/wp-content\/uploads\/2025\/06\/Protokol-Prezydium-Walnego-Zgromadzenia-SM-1-1.pdf\">Protok\u00f3\u0142 Prezydium Walnego Zgromadzenia SM<\/a><\/p>\n","protected":false},"excerpt":{"rendered":"<p>Zarz\u0105d Sp\u00f3\u0142dzielni Mieszkaniowej w Nowej Rudzie zawiadamia, \u017ce w dniach 13-14 czerwca 2025 roku odby\u0142o si\u0119 Walne Zgromadzenie, kt\u00f3re zgodnie z Uchwa\u0142\u0105 nr 10\/2025 Rady Nadzorczej Sp\u00f3\u0142dzielni Mieszkaniowej w Nowej Rudzie z dnia 23 maja 2025 roku podzielone by\u0142o na dwie cz\u0119\u015bci: \u2022 pierwsza cz\u0119\u015b\u0107 odby\u0142a si\u0119 w dniu 13 czerwca od godz. 16 00 &hellip; <a href=\"https:\/\/sm.nowaruda.pl\/sm1\/?page_id=2404\" class=\"more-link\">Czytaj dalej <span class=\"screen-reader-text\">Walne Zgromadzenie 2025<\/span> <span class=\"meta-nav\">&rarr;<\/span><\/a><\/p>\n","protected":false},"author":1,"featured_media":0,"parent":0,"menu_order":0,"comment_status":"closed","ping_status":"closed","template":"","meta":{"ngg_post_thumbnail":0,"footnotes":""},"class_list":["post-2404","page","type-page","status-publish","hentry"],"_links":{"self":[{"href":"https:\/\/sm.nowaruda.pl\/sm1\/index.php?rest_route=\/wp\/v2\/pages\/2404","targetHints":{"allow":["GET"]}}],"collection":[{"href":"https:\/\/sm.nowaruda.pl\/sm1\/index.php?rest_route=\/wp\/v2\/pages"}],"about":[{"href":"https:\/\/sm.nowaruda.pl\/sm1\/index.php?rest_route=\/wp\/v2\/types\/page"}],"author":[{"embeddable":true,"href":"https:\/\/sm.nowaruda.pl\/sm1\/index.php?rest_route=\/wp\/v2\/users\/1"}],"replies":[{"embeddable":true,"href":"https:\/\/sm.nowaruda.pl\/sm1\/index.php?rest_route=%2Fwp%2Fv2%2Fcomments&post=2404"}],"version-history":[{"count":17,"href":"https:\/\/sm.nowaruda.pl\/sm1\/index.php?rest_route=\/wp\/v2\/pages\/2404\/revisions"}],"predecessor-version":[{"id":2630,"href":"https:\/\/sm.nowaruda.pl\/sm1\/index.php?rest_route=\/wp\/v2\/pages\/2404\/revisions\/2630"}],"wp:attachment":[{"href":"https:\/\/sm.nowaruda.pl\/sm1\/index.php?rest_route=%2Fwp%2Fv2%2Fmedia&parent=2404"}],"curies":[{"name":"wp","href":"https:\/\/api.w.org\/{rel}","templated":true}]}}