{"id":2376,"date":"2024-03-25T10:12:44","date_gmt":"2024-03-25T08:12:44","guid":{"rendered":"http:\/\/sm.nowaruda.pl\/sm1\/?page_id=2376"},"modified":"2024-09-26T11:23:16","modified_gmt":"2024-09-26T09:23:16","slug":"protokoly-rady-nadzorczej-2024r","status":"publish","type":"page","link":"https:\/\/sm.nowaruda.pl\/sm1\/?page_id=2376","title":{"rendered":"Protoko\u0142y Rady Nadzorczej 2024R."},"content":{"rendered":"<p><a href=\"http:\/\/sm.nowaruda.pl\/sm1\/wp-content\/uploads\/2024\/03\/Protokol-Rady-Nadzorczej-2024-01.pdf\">Protok\u00f3\u0142 Rady Nadzorczej 2024-01<\/a><br \/>\n<a href=\"http:\/\/sm.nowaruda.pl\/sm1\/wp-content\/uploads\/2024\/03\/Protokol-Rady-Nadzorczej-2024-02.pdf\">Protok\u00f3\u0142 Rady Nadzorczej 2024-02<\/a><br \/>\n<a href=\"http:\/\/sm.nowaruda.pl\/sm1\/wp-content\/uploads\/2024\/04\/Protokol-Rady-Nadzorczej-2024-03.pdf\">Protok\u00f3\u0142 Rady Nadzorczej 2024-03<\/a><br \/>\n<a href=\"http:\/\/sm.nowaruda.pl\/sm1\/wp-content\/uploads\/2024\/06\/Protokol-Rady-Nadzorczej-2024-04.pdf\">Protok\u00f3\u0142 Rady Nadzorczej 2024-04<\/a><br \/>\n<a href=\"http:\/\/sm.nowaruda.pl\/sm1\/wp-content\/uploads\/2024\/06\/Protokol-Rady-Nadzorczej-2024-05.pdf\">Protok\u00f3\u0142 Rady Nadzorczej 2024-05<\/a><br \/>\n<a href=\"http:\/\/sm.nowaruda.pl\/sm1\/wp-content\/uploads\/2024\/09\/Protokol-Rady-Nadzorczej-2024-06.pdf\">Protok\u00f3\u0142 Rady Nadzorczej 2024-06<\/a><br \/>\n<a href=\"http:\/\/sm.nowaruda.pl\/sm1\/wp-content\/uploads\/2024\/09\/Protokol-Rady-Nadzorczej-2024-07_compressed-1.pdf\">Protok\u00f3\u0142 Rady Nadzorczej 2024-07<\/a><\/p>\n","protected":false},"excerpt":{"rendered":"<p>Protok\u00f3\u0142 Rady Nadzorczej 2024-01 Protok\u00f3\u0142 Rady Nadzorczej 2024-02 Protok\u00f3\u0142 Rady Nadzorczej 2024-03 Protok\u00f3\u0142 Rady Nadzorczej 2024-04 Protok\u00f3\u0142 Rady Nadzorczej 2024-05 Protok\u00f3\u0142 Rady Nadzorczej 2024-06 Protok\u00f3\u0142 Rady Nadzorczej 2024-07<\/p>\n","protected":false},"author":1,"featured_media":0,"parent":0,"menu_order":0,"comment_status":"closed","ping_status":"closed","template":"","meta":{"ngg_post_thumbnail":0,"footnotes":""},"class_list":["post-2376","page","type-page","status-publish","hentry"],"_links":{"self":[{"href":"https:\/\/sm.nowaruda.pl\/sm1\/index.php?rest_route=\/wp\/v2\/pages\/2376","targetHints":{"allow":["GET"]}}],"collection":[{"href":"https:\/\/sm.nowaruda.pl\/sm1\/index.php?rest_route=\/wp\/v2\/pages"}],"about":[{"href":"https:\/\/sm.nowaruda.pl\/sm1\/index.php?rest_route=\/wp\/v2\/types\/page"}],"author":[{"embeddable":true,"href":"https:\/\/sm.nowaruda.pl\/sm1\/index.php?rest_route=\/wp\/v2\/users\/1"}],"replies":[{"embeddable":true,"href":"https:\/\/sm.nowaruda.pl\/sm1\/index.php?rest_route=%2Fwp%2Fv2%2Fcomments&post=2376"}],"version-history":[{"count":6,"href":"https:\/\/sm.nowaruda.pl\/sm1\/index.php?rest_route=\/wp\/v2\/pages\/2376\/revisions"}],"predecessor-version":[{"id":2490,"href":"https:\/\/sm.nowaruda.pl\/sm1\/index.php?rest_route=\/wp\/v2\/pages\/2376\/revisions\/2490"}],"wp:attachment":[{"href":"https:\/\/sm.nowaruda.pl\/sm1\/index.php?rest_route=%2Fwp%2Fv2%2Fmedia&parent=2376"}],"curies":[{"name":"wp","href":"https:\/\/api.w.org\/{rel}","templated":true}]}}