{"id":2088,"date":"2023-05-15T11:20:47","date_gmt":"2023-05-15T09:20:47","guid":{"rendered":"http:\/\/sm.nowaruda.pl\/sm1\/?page_id=2088"},"modified":"2024-01-26T12:35:33","modified_gmt":"2024-01-26T10:35:33","slug":"protokoly-rady-nadzorczej-2023r","status":"publish","type":"page","link":"https:\/\/sm.nowaruda.pl\/sm1\/?page_id=2088","title":{"rendered":"Protoko\u0142y rady nadzorczej 2023R."},"content":{"rendered":"<p><a href=\"http:\/\/sm.nowaruda.pl\/sm1\/wp-content\/uploads\/2023\/05\/Protokol-Rady-Nadzorczej-2023-01.pdf\">Protok\u00f3\u0142 Rady Nadzorczej 2023-01<\/a><br \/>\n<a href=\"http:\/\/sm.nowaruda.pl\/sm1\/wp-content\/uploads\/2023\/05\/Protokol-Rady-Nadzorczej-2023-02.pdf\">Protok\u00f3\u0142 Rady Nadzorczej 2023-02<\/a><br \/>\n<a href=\"http:\/\/sm.nowaruda.pl\/sm1\/wp-content\/uploads\/2023\/05\/Protokol-Rady-Nadzorczej-2023-03.pdf\">Protok\u00f3\u0142 Rady Nadzorczej 2023-03<\/a><br \/>\n<a href=\"http:\/\/sm.nowaruda.pl\/sm1\/wp-content\/uploads\/2023\/05\/Protokol-Rady-Nadzorczej-2023-04.pdf\">Protok\u00f3\u0142 Rady Nadzorczej 2023-04<\/a><br \/>\n<a href=\"http:\/\/sm.nowaruda.pl\/sm1\/wp-content\/uploads\/2023\/06\/Protokol-Rady-Nadzorczej-2023-05.pdf\">Protok\u00f3\u0142 Rady Nadzorczej 2023-05<\/a><br \/>\n<a href=\"http:\/\/sm.nowaruda.pl\/sm1\/wp-content\/uploads\/2023\/06\/Protokol-Rady-Nadzorczej-2023-06.pdf\">Protok\u00f3\u0142 Rady Nadzorczej 2023-06<\/a><br \/>\n<a href=\"http:\/\/sm.nowaruda.pl\/sm1\/wp-content\/uploads\/2023\/08\/Protokol-Rady-Nadzorczej-2023-07.pdf\">Protok\u00f3\u0142 Rady Nadzorczej 2023-07<\/a><br \/>\n<a href=\"http:\/\/sm.nowaruda.pl\/sm1\/wp-content\/uploads\/2023\/10\/Protokol-Rady-Nadzorczej-2023-08.pdf\">Protok\u00f3\u0142 Rady Nadzorczej 2023-08<\/a><br \/>\n<a href=\"http:\/\/sm.nowaruda.pl\/sm1\/wp-content\/uploads\/2023\/11\/Protokol-Rady-Nadzorczej-2023-09.pdf\">Protok\u00f3\u0142 Rady Nadzorczej 2023-09<\/a><br \/>\n<a href=\"http:\/\/sm.nowaruda.pl\/sm1\/wp-content\/uploads\/2023\/11\/Protokol-Rady-Nadzorczej-2023-10.pdf\">Protok\u00f3\u0142 Rady Nadzorczej 2023-10<\/a><br \/>\n<a href=\"http:\/\/sm.nowaruda.pl\/sm1\/wp-content\/uploads\/2023\/12\/Protokol-Rady-Nadzorczej-2023-11.pdf\">Protok\u00f3\u0142 Rady Nadzorczej 2023-11<\/a><br \/>\n<a href=\"http:\/\/sm.nowaruda.pl\/sm1\/wp-content\/uploads\/2024\/01\/Protokol-Rady-Nadzorczej-2023-12.pdf\">Protok\u00f3\u0142 Rady Nadzorczej 2023-12<\/a><\/p>\n","protected":false},"excerpt":{"rendered":"<p>Protok\u00f3\u0142 Rady Nadzorczej 2023-01 Protok\u00f3\u0142 Rady Nadzorczej 2023-02 Protok\u00f3\u0142 Rady Nadzorczej 2023-03 Protok\u00f3\u0142 Rady Nadzorczej 2023-04 Protok\u00f3\u0142 Rady Nadzorczej 2023-05 Protok\u00f3\u0142 Rady Nadzorczej 2023-06 Protok\u00f3\u0142 Rady Nadzorczej 2023-07 Protok\u00f3\u0142 Rady Nadzorczej 2023-08 Protok\u00f3\u0142 Rady Nadzorczej 2023-09 Protok\u00f3\u0142 Rady Nadzorczej 2023-10 Protok\u00f3\u0142 Rady Nadzorczej 2023-11 Protok\u00f3\u0142 Rady Nadzorczej 2023-12<\/p>\n","protected":false},"author":1,"featured_media":0,"parent":0,"menu_order":0,"comment_status":"closed","ping_status":"closed","template":"","meta":{"ngg_post_thumbnail":0,"footnotes":""},"class_list":["post-2088","page","type-page","status-publish","hentry"],"_links":{"self":[{"href":"https:\/\/sm.nowaruda.pl\/sm1\/index.php?rest_route=\/wp\/v2\/pages\/2088","targetHints":{"allow":["GET"]}}],"collection":[{"href":"https:\/\/sm.nowaruda.pl\/sm1\/index.php?rest_route=\/wp\/v2\/pages"}],"about":[{"href":"https:\/\/sm.nowaruda.pl\/sm1\/index.php?rest_route=\/wp\/v2\/types\/page"}],"author":[{"embeddable":true,"href":"https:\/\/sm.nowaruda.pl\/sm1\/index.php?rest_route=\/wp\/v2\/users\/1"}],"replies":[{"embeddable":true,"href":"https:\/\/sm.nowaruda.pl\/sm1\/index.php?rest_route=%2Fwp%2Fv2%2Fcomments&post=2088"}],"version-history":[{"count":9,"href":"https:\/\/sm.nowaruda.pl\/sm1\/index.php?rest_route=\/wp\/v2\/pages\/2088\/revisions"}],"predecessor-version":[{"id":2346,"href":"https:\/\/sm.nowaruda.pl\/sm1\/index.php?rest_route=\/wp\/v2\/pages\/2088\/revisions\/2346"}],"wp:attachment":[{"href":"https:\/\/sm.nowaruda.pl\/sm1\/index.php?rest_route=%2Fwp%2Fv2%2Fmedia&parent=2088"}],"curies":[{"name":"wp","href":"https:\/\/api.w.org\/{rel}","templated":true}]}}