{"id":2057,"date":"2023-03-02T15:43:11","date_gmt":"2023-03-02T13:43:11","guid":{"rendered":"http:\/\/sm.nowaruda.pl\/sm1\/?page_id=2057"},"modified":"2024-04-25T09:06:45","modified_gmt":"2024-04-25T07:06:45","slug":"remonty-2023-r","status":"publish","type":"page","link":"https:\/\/sm.nowaruda.pl\/sm1\/?page_id=2057","title":{"rendered":"Remonty 2023 R."},"content":{"rendered":"<p><a href=\"http:\/\/sm.nowaruda.pl\/sm1\/wp-content\/uploads\/2023\/07\/PLAN-REMONTOW-2023-PO-ZMIANACH.pdf\">Plan remont\u00f3w 2023 &#8211; Po zmianach<\/a><\/p>\n<p><a href=\"http:\/\/sm.nowaruda.pl\/sm1\/wp-content\/uploads\/2024\/04\/Rozliczenie-remontow-2023-Nowa-Ruda-osiedle-Piastowskie.pdf\">Rozliczenie remont\u00f3w &#8211; 2023 &#8211; Nowa Ruda &#8211; osiedle Piastowskie<\/a><br \/>\n<a href=\"http:\/\/sm.nowaruda.pl\/sm1\/wp-content\/uploads\/2024\/04\/Rozliczenie-remontow-2023-Nowa-Ruda-pozostale-budynki.pdf\">Rozliczenie remont\u00f3w &#8211; 2023 &#8211; Nowa Ruda &#8211; pozosta\u0142e budynki<\/a><br \/>\n<a href=\"http:\/\/sm.nowaruda.pl\/sm1\/wp-content\/uploads\/2024\/04\/Rozliczenie-remontow-2023-Slupiec-osiedle-Wojska-Polskiego.pdf\">Rozliczenie remont\u00f3w &#8211; 2023 &#8211; S\u0142upiec &#8211; osiedle Wojska Polskiego<\/a><br \/>\n<a href=\"http:\/\/sm.nowaruda.pl\/sm1\/wp-content\/uploads\/2024\/04\/Rozliczenie-remontow-2023-Slupiec-osiedle-XXX-lecia.pdf\">Rozliczenie remont\u00f3w &#8211; 2023 &#8211; S\u0142upiec &#8211; osiedle XXX-lecia<\/a><\/p>\n","protected":false},"excerpt":{"rendered":"<p>Plan remont\u00f3w 2023 &#8211; Po zmianach Rozliczenie remont\u00f3w &#8211; 2023 &#8211; Nowa Ruda &#8211; osiedle Piastowskie Rozliczenie remont\u00f3w &#8211; 2023 &#8211; Nowa Ruda &#8211; pozosta\u0142e budynki Rozliczenie remont\u00f3w &#8211; 2023 &#8211; S\u0142upiec &#8211; osiedle Wojska Polskiego Rozliczenie remont\u00f3w &#8211; 2023 &#8211; S\u0142upiec &#8211; osiedle XXX-lecia<\/p>\n","protected":false},"author":1,"featured_media":0,"parent":0,"menu_order":0,"comment_status":"closed","ping_status":"closed","template":"","meta":{"ngg_post_thumbnail":0,"footnotes":""},"class_list":["post-2057","page","type-page","status-publish","hentry"],"_links":{"self":[{"href":"https:\/\/sm.nowaruda.pl\/sm1\/index.php?rest_route=\/wp\/v2\/pages\/2057","targetHints":{"allow":["GET"]}}],"collection":[{"href":"https:\/\/sm.nowaruda.pl\/sm1\/index.php?rest_route=\/wp\/v2\/pages"}],"about":[{"href":"https:\/\/sm.nowaruda.pl\/sm1\/index.php?rest_route=\/wp\/v2\/types\/page"}],"author":[{"embeddable":true,"href":"https:\/\/sm.nowaruda.pl\/sm1\/index.php?rest_route=\/wp\/v2\/users\/1"}],"replies":[{"embeddable":true,"href":"https:\/\/sm.nowaruda.pl\/sm1\/index.php?rest_route=%2Fwp%2Fv2%2Fcomments&post=2057"}],"version-history":[{"count":5,"href":"https:\/\/sm.nowaruda.pl\/sm1\/index.php?rest_route=\/wp\/v2\/pages\/2057\/revisions"}],"predecessor-version":[{"id":2389,"href":"https:\/\/sm.nowaruda.pl\/sm1\/index.php?rest_route=\/wp\/v2\/pages\/2057\/revisions\/2389"}],"wp:attachment":[{"href":"https:\/\/sm.nowaruda.pl\/sm1\/index.php?rest_route=%2Fwp%2Fv2%2Fmedia&parent=2057"}],"curies":[{"name":"wp","href":"https:\/\/api.w.org\/{rel}","templated":true}]}}