{"id":2017,"date":"2023-01-31T13:57:05","date_gmt":"2023-01-31T11:57:05","guid":{"rendered":"http:\/\/sm.nowaruda.pl\/sm1\/?page_id=2017"},"modified":"2023-12-22T15:45:59","modified_gmt":"2023-12-22T13:45:59","slug":"uchwaly-rady-nadzorczej-2023r","status":"publish","type":"page","link":"https:\/\/sm.nowaruda.pl\/sm1\/?page_id=2017","title":{"rendered":"Uchwa\u0142y Rady Nadzorczej 2023R."},"content":{"rendered":"<p><a href=\"http:\/\/sm.nowaruda.pl\/sm1\/wp-content\/uploads\/2023\/01\/Uchwala-RN-nr-01-2023.pdf\">Uchwa\u0142a RN nr 01-2023<\/a><br \/>\n<a href=\"http:\/\/sm.nowaruda.pl\/sm1\/wp-content\/uploads\/2023\/01\/Uchwala-RN-nr-02-2023.pdf\">Uchwa\u0142a RN nr 02-2023<\/a><br \/>\n<a href=\"http:\/\/sm.nowaruda.pl\/sm1\/wp-content\/uploads\/2023\/01\/Uchwala-RN-nr-03-2023.pdf\">Uchwa\u0142a RN nr 03-2023<\/a><br \/>\n<a href=\"http:\/\/sm.nowaruda.pl\/sm1\/wp-content\/uploads\/2023\/01\/Uchwala-RN-nr-04-2023.pdf\">Uchwa\u0142a RN nr 04-2023<\/a><br \/>\n<a href=\"http:\/\/sm.nowaruda.pl\/sm1\/wp-content\/uploads\/2023\/05\/Uchwala-RN-nr-06-2023.pdf\">Uchwa\u0142a RN nr 06-2023<\/a><br \/>\n<a href=\"http:\/\/sm.nowaruda.pl\/sm1\/wp-content\/uploads\/2023\/05\/Uchwala-RN-nr-07-2023.pdf\">Uchwa\u0142a RN nr 07-2023<\/a><br \/>\n<a href=\"http:\/\/sm.nowaruda.pl\/sm1\/wp-content\/uploads\/2023\/05\/Uchwala-RN-nr-08-2023-1.pdf\">Uchwa\u0142a RN nr 08-2023<\/a><br \/>\n<a href=\"http:\/\/sm.nowaruda.pl\/sm1\/wp-content\/uploads\/2023\/05\/Uchwala-RN-nr-08-2023-1.pdf\">Uchwa\u0142a RN nr 09-2023<\/a><br \/>\n<a href=\"http:\/\/sm.nowaruda.pl\/sm1\/wp-content\/uploads\/2023\/05\/Uchwala-RN-nr-10-2023.pdf\">Uchwa\u0142a RN nr 10-2023<\/a><br \/>\n<a href=\"http:\/\/sm.nowaruda.pl\/sm1\/wp-content\/uploads\/2023\/05\/Uchwala-RN-nr-11-2023.pdf\">Uchwa\u0142a RN nr 11-2023<\/a><br \/>\n<a href=\"http:\/\/sm.nowaruda.pl\/sm1\/wp-content\/uploads\/2023\/05\/Uchwala-RN-nr-12-2023.pdf\">Uchwa\u0142a RN nr 12-2023<\/a><br \/>\n<a href=\"http:\/\/sm.nowaruda.pl\/sm1\/wp-content\/uploads\/2023\/05\/Uchwala-RN-nr-13-2023.pdf\">Uchwa\u0142a RN nr 13-2023<\/a><br \/>\n<a href=\"http:\/\/sm.nowaruda.pl\/sm1\/wp-content\/uploads\/2023\/07\/Uchwala-RN-nr-14-2023.pdf\">Uchwa\u0142a RN nr 14-2023<\/a><br \/>\n<a href=\"http:\/\/sm.nowaruda.pl\/sm1\/wp-content\/uploads\/2023\/07\/Uchwala-RN-nr-15-2023.pdf\">Uchwa\u0142a RN nr 15-2023<\/a><br \/>\n<a href=\"http:\/\/sm.nowaruda.pl\/sm1\/wp-content\/uploads\/2023\/07\/Uchwala-RN-nr-16-2023.pdf\">Uchwa\u0142a RN nr 16-2023<\/a><br \/>\n<a href=\"http:\/\/sm.nowaruda.pl\/sm1\/wp-content\/uploads\/2023\/07\/Uchwala-RN-nr-17-2023.pdf\">Uchwa\u0142a RN nr 17-2023<\/a><br \/>\n<a href=\"http:\/\/sm.nowaruda.pl\/sm1\/wp-content\/uploads\/2023\/11\/Uchwala-RN-nr-19-2023.pdf\">Uchwa\u0142a RN nr 19-2023<\/a><br \/>\n<a href=\"http:\/\/sm.nowaruda.pl\/sm1\/wp-content\/uploads\/2023\/11\/Uchwala-RN-nr-20-2023.pdf\">Uchwa\u0142a RN nr 20-2023<\/a><br \/>\n<a href=\"http:\/\/sm.nowaruda.pl\/sm1\/wp-content\/uploads\/2023\/11\/Uchwala-RN-nr-25-2023.pdf\">Uchwa\u0142a RN nr 25-2023<\/a><br \/>\n<a href=\"http:\/\/sm.nowaruda.pl\/sm1\/wp-content\/uploads\/2023\/12\/Uchwala-RN-nr-26-2023.pdf\">Uchwa\u0142a RN nr 26-2023<\/a><\/p>\n","protected":false},"excerpt":{"rendered":"<p>Uchwa\u0142a RN nr 01-2023 Uchwa\u0142a RN nr 02-2023 Uchwa\u0142a RN nr 03-2023 Uchwa\u0142a RN nr 04-2023 Uchwa\u0142a RN nr 06-2023 Uchwa\u0142a RN nr 07-2023 Uchwa\u0142a RN nr 08-2023 Uchwa\u0142a RN nr 09-2023 Uchwa\u0142a RN nr 10-2023 Uchwa\u0142a RN nr 11-2023 Uchwa\u0142a RN nr 12-2023 Uchwa\u0142a RN nr 13-2023 Uchwa\u0142a RN nr 14-2023 Uchwa\u0142a RN nr &hellip; <a href=\"https:\/\/sm.nowaruda.pl\/sm1\/?page_id=2017\" class=\"more-link\">Czytaj dalej <span class=\"screen-reader-text\">Uchwa\u0142y Rady Nadzorczej 2023R.<\/span> <span class=\"meta-nav\">&rarr;<\/span><\/a><\/p>\n","protected":false},"author":1,"featured_media":0,"parent":0,"menu_order":0,"comment_status":"closed","ping_status":"closed","template":"","meta":{"ngg_post_thumbnail":0,"footnotes":""},"class_list":["post-2017","page","type-page","status-publish","hentry"],"_links":{"self":[{"href":"https:\/\/sm.nowaruda.pl\/sm1\/index.php?rest_route=\/wp\/v2\/pages\/2017","targetHints":{"allow":["GET"]}}],"collection":[{"href":"https:\/\/sm.nowaruda.pl\/sm1\/index.php?rest_route=\/wp\/v2\/pages"}],"about":[{"href":"https:\/\/sm.nowaruda.pl\/sm1\/index.php?rest_route=\/wp\/v2\/types\/page"}],"author":[{"embeddable":true,"href":"https:\/\/sm.nowaruda.pl\/sm1\/index.php?rest_route=\/wp\/v2\/users\/1"}],"replies":[{"embeddable":true,"href":"https:\/\/sm.nowaruda.pl\/sm1\/index.php?rest_route=%2Fwp%2Fv2%2Fcomments&post=2017"}],"version-history":[{"count":6,"href":"https:\/\/sm.nowaruda.pl\/sm1\/index.php?rest_route=\/wp\/v2\/pages\/2017\/revisions"}],"predecessor-version":[{"id":2330,"href":"https:\/\/sm.nowaruda.pl\/sm1\/index.php?rest_route=\/wp\/v2\/pages\/2017\/revisions\/2330"}],"wp:attachment":[{"href":"https:\/\/sm.nowaruda.pl\/sm1\/index.php?rest_route=%2Fwp%2Fv2%2Fmedia&parent=2017"}],"curies":[{"name":"wp","href":"https:\/\/api.w.org\/{rel}","templated":true}]}}