{"id":17,"date":"2014-07-23T09:55:48","date_gmt":"2014-07-23T09:55:48","guid":{"rendered":"http:\/\/sm.nowaruda.pl\/sm1\/?page_id=17"},"modified":"2025-11-20T15:50:55","modified_gmt":"2025-11-20T13:50:55","slug":"zarzad","status":"publish","type":"page","link":"https:\/\/sm.nowaruda.pl\/sm1\/?page_id=17","title":{"rendered":"Zarz\u0105d"},"content":{"rendered":"<p style=\"text-align: left;\" align=\"center\"><strong>Prezes Zarz\u0105du<\/strong>:&nbsp; &nbsp;<br \/>\n<strong>Zast\u0119pca Prezesa ds. Ekonomicznych<\/strong>:&nbsp;&nbsp; mgr Justyna Dec<br \/>\n<strong>Cz\u0142onek Zarz\u0105du<\/strong>:&nbsp;&nbsp; J\u00f3zefa Bara\u0144ska<\/p>\n","protected":false},"excerpt":{"rendered":"<p>Prezes Zarz\u0105du:&nbsp; &nbsp; Zast\u0119pca Prezesa ds. Ekonomicznych:&nbsp;&nbsp; mgr Justyna Dec Cz\u0142onek Zarz\u0105du:&nbsp;&nbsp; J\u00f3zefa Bara\u0144ska<\/p>\n","protected":false},"author":1,"featured_media":0,"parent":0,"menu_order":0,"comment_status":"closed","ping_status":"open","template":"","meta":{"ngg_post_thumbnail":0,"footnotes":""},"class_list":["post-17","page","type-page","status-publish","hentry"],"_links":{"self":[{"href":"https:\/\/sm.nowaruda.pl\/sm1\/index.php?rest_route=\/wp\/v2\/pages\/17","targetHints":{"allow":["GET"]}}],"collection":[{"href":"https:\/\/sm.nowaruda.pl\/sm1\/index.php?rest_route=\/wp\/v2\/pages"}],"about":[{"href":"https:\/\/sm.nowaruda.pl\/sm1\/index.php?rest_route=\/wp\/v2\/types\/page"}],"author":[{"embeddable":true,"href":"https:\/\/sm.nowaruda.pl\/sm1\/index.php?rest_route=\/wp\/v2\/users\/1"}],"replies":[{"embeddable":true,"href":"https:\/\/sm.nowaruda.pl\/sm1\/index.php?rest_route=%2Fwp%2Fv2%2Fcomments&post=17"}],"version-history":[{"count":5,"href":"https:\/\/sm.nowaruda.pl\/sm1\/index.php?rest_route=\/wp\/v2\/pages\/17\/revisions"}],"predecessor-version":[{"id":2665,"href":"https:\/\/sm.nowaruda.pl\/sm1\/index.php?rest_route=\/wp\/v2\/pages\/17\/revisions\/2665"}],"wp:attachment":[{"href":"https:\/\/sm.nowaruda.pl\/sm1\/index.php?rest_route=%2Fwp%2Fv2%2Fmedia&parent=17"}],"curies":[{"name":"wp","href":"https:\/\/api.w.org\/{rel}","templated":true}]}}