{"id":1501,"date":"2022-04-19T13:01:54","date_gmt":"2022-04-19T11:01:54","guid":{"rendered":"http:\/\/sm.nowaruda.pl\/sm1\/?page_id=1501"},"modified":"2023-05-15T11:18:45","modified_gmt":"2023-05-15T09:18:45","slug":"protokoly-rady-nadzorczej-2022","status":"publish","type":"page","link":"https:\/\/sm.nowaruda.pl\/sm1\/?page_id=1501","title":{"rendered":"Protoko\u0142y rady nadzorczej 2022R."},"content":{"rendered":"<p><a href=\"http:\/\/sm.nowaruda.pl\/sm1\/wp-content\/uploads\/2022\/04\/Protokol-Rady-Nadzorczej-2022-01.pdf\">Protok\u00f3\u0142 Rady Nadzorczej 2022-01<\/a><br \/>\n<a href=\"http:\/\/sm.nowaruda.pl\/sm1\/wp-content\/uploads\/2022\/04\/Protokol-Rady-Nadzorczej-2022-02.pdf\">Protok\u00f3\u0142 Rady Nadzorczej 2022-02<\/a><br \/>\n<a href=\"http:\/\/sm.nowaruda.pl\/sm1\/wp-content\/uploads\/2022\/05\/Protokol-RN-nr-3.pdf\">Protok\u00f3\u0142 Rady Nadzorczej 2022-03<\/a><br \/>\n<a href=\"http:\/\/sm.nowaruda.pl\/sm1\/wp-content\/uploads\/2022\/05\/Protokol-RN-nr-4.pdf\">Protok\u00f3\u0142 Rady Nadzorczej 2022-04<\/a><br \/>\n<a href=\"http:\/\/sm.nowaruda.pl\/sm1\/wp-content\/uploads\/2022\/09\/Protokol-Rady-Nadzorczej-2022-05.pdf\">Protok\u00f3\u0142 Rady Nadzorczej 2022-05<\/a><br \/>\n<a href=\"http:\/\/sm.nowaruda.pl\/sm1\/wp-content\/uploads\/2022\/09\/Protokol-Rady-Nadzorczej-2022-06.pdf\">Protok\u00f3\u0142 Rady Nadzorczej 2022-06<\/a><br \/>\n<a href=\"http:\/\/sm.nowaruda.pl\/sm1\/wp-content\/uploads\/2022\/09\/Protokol-Rady-Nadzorczej-2022-07.pdf\">Protok\u00f3\u0142 Rady Nadzorczej 2022-07<\/a><br \/>\n<a href=\"http:\/\/sm.nowaruda.pl\/sm1\/wp-content\/uploads\/2022\/11\/Protokol-Rady-Nadzorczej-2022-08.pdf\">Protok\u00f3\u0142 Rady Nadzorczej 2022-08<\/a><br \/>\n<a href=\"http:\/\/sm.nowaruda.pl\/sm1\/wp-content\/uploads\/2022\/12\/Protokol-Rady-Nadzorczej-2022-09.pdf\">Protok\u00f3\u0142 Rady Nadzorczej 2022-09<\/a><br \/>\n<a href=\"http:\/\/sm.nowaruda.pl\/sm1\/wp-content\/uploads\/2022\/12\/Protokol-Rady-Nadzorczej-2022-10.pdf\">Protok\u00f3\u0142 Rady Nadzorczej 2022-10<\/a><br \/>\n<a href=\"http:\/\/sm.nowaruda.pl\/sm1\/wp-content\/uploads\/2023\/01\/Protokol-Rady-Nadzorczej-2022-11.pdf\">Protok\u00f3\u0142 Rady Nadzorczej 2022-11<\/a><\/p>\n","protected":false},"excerpt":{"rendered":"<p>Protok\u00f3\u0142 Rady Nadzorczej 2022-01 Protok\u00f3\u0142 Rady Nadzorczej 2022-02 Protok\u00f3\u0142 Rady Nadzorczej 2022-03 Protok\u00f3\u0142 Rady Nadzorczej 2022-04 Protok\u00f3\u0142 Rady Nadzorczej 2022-05 Protok\u00f3\u0142 Rady Nadzorczej 2022-06 Protok\u00f3\u0142 Rady Nadzorczej 2022-07 Protok\u00f3\u0142 Rady Nadzorczej 2022-08 Protok\u00f3\u0142 Rady Nadzorczej 2022-09 Protok\u00f3\u0142 Rady Nadzorczej 2022-10 Protok\u00f3\u0142 Rady Nadzorczej 2022-11<\/p>\n","protected":false},"author":1,"featured_media":0,"parent":0,"menu_order":0,"comment_status":"closed","ping_status":"closed","template":"","meta":{"ngg_post_thumbnail":0,"footnotes":""},"class_list":["post-1501","page","type-page","status-publish","hentry"],"_links":{"self":[{"href":"https:\/\/sm.nowaruda.pl\/sm1\/index.php?rest_route=\/wp\/v2\/pages\/1501","targetHints":{"allow":["GET"]}}],"collection":[{"href":"https:\/\/sm.nowaruda.pl\/sm1\/index.php?rest_route=\/wp\/v2\/pages"}],"about":[{"href":"https:\/\/sm.nowaruda.pl\/sm1\/index.php?rest_route=\/wp\/v2\/types\/page"}],"author":[{"embeddable":true,"href":"https:\/\/sm.nowaruda.pl\/sm1\/index.php?rest_route=\/wp\/v2\/users\/1"}],"replies":[{"embeddable":true,"href":"https:\/\/sm.nowaruda.pl\/sm1\/index.php?rest_route=%2Fwp%2Fv2%2Fcomments&post=1501"}],"version-history":[{"count":10,"href":"https:\/\/sm.nowaruda.pl\/sm1\/index.php?rest_route=\/wp\/v2\/pages\/1501\/revisions"}],"predecessor-version":[{"id":2087,"href":"https:\/\/sm.nowaruda.pl\/sm1\/index.php?rest_route=\/wp\/v2\/pages\/1501\/revisions\/2087"}],"wp:attachment":[{"href":"https:\/\/sm.nowaruda.pl\/sm1\/index.php?rest_route=%2Fwp%2Fv2%2Fmedia&parent=1501"}],"curies":[{"name":"wp","href":"https:\/\/api.w.org\/{rel}","templated":true}]}}