{"id":1455,"date":"2022-02-14T10:27:40","date_gmt":"2022-02-14T08:27:40","guid":{"rendered":"http:\/\/sm.nowaruda.pl\/sm1\/?page_id=1455"},"modified":"2022-02-14T10:31:14","modified_gmt":"2022-02-14T08:31:14","slug":"protokoly-rady-nadzorczej-2021r","status":"publish","type":"page","link":"https:\/\/sm.nowaruda.pl\/sm1\/?page_id=1455","title":{"rendered":"Protoko\u0142y rady nadzorczej 2021R."},"content":{"rendered":"<p><a href=\"\/sm1\/wp-content\/uploads\/2021\/05\/PRN202101.pdf\">Protok\u00f3\u0142 Rady Nadzorczej 2021-01<\/a><br \/>\n<a href=\"\/sm1\/wp-content\/uploads\/2021\/05\/PRN202102.pdf\">Protok\u00f3\u0142 Rady Nadzorczej 2021-02<\/a><br \/>\n<a href=\"\/sm1\/wp-content\/uploads\/2021\/05\/PRN202103.pdf\">Protok\u00f3\u0142 Rady Nadzorczej 2021-03<\/a><br \/>\n<a href=\"\/sm1\/wp-content\/uploads\/2021\/05\/PRN202104.pdf\">Protok\u00f3\u0142 Rady Nadzorczej 2021-04<\/a><br \/>\n<a href=\"\/sm1\/wp-content\/uploads\/2021\/05\/PRN52021.pdf\">Protok\u00f3\u0142 Rady Nadzorczej 2021-05<\/a><br \/>\n<a href=\"\/sm1\/wp-content\/uploads\/2021\/05\/PRN202106.pdf\">Protok\u00f3\u0142 Rady Nadzorczej 2021-06<\/a><br \/>\n<a href=\"\/sm1\/wp-content\/uploads\/2021\/05\/PRN072021.pdf\">Protok\u00f3\u0142 Rady Nadzorczej 2021-07<\/a><br \/>\n<a href=\"\/sm1\/wp-content\/uploads\/2021\/05\/PRN82021.pdf\">Protok\u00f3\u0142 Rady Nadzorczej 2021-08<\/a><br \/>\n<a href=\"\/sm1\/wp-content\/uploads\/2021\/05\/PRN202109.pdf\">Protok\u00f3\u0142 Rady Nadzorczej 2021-09<\/a><br \/>\n<a href=\"\/sm1\/wp-content\/uploads\/2021\/05\/PRN202110.pdf\">Protok\u00f3\u0142 Rady Nadzorczej 2021-10<\/a><br \/>\n<a href=\"\/sm1\/wp-content\/uploads\/2022\/01\/PRN202111.pdf\">Protok\u00f3\u0142 Rady Nadzorczej 2021-11<\/a><\/p>\n","protected":false},"excerpt":{"rendered":"<p>Protok\u00f3\u0142 Rady Nadzorczej 2021-01 Protok\u00f3\u0142 Rady Nadzorczej 2021-02 Protok\u00f3\u0142 Rady Nadzorczej 2021-03 Protok\u00f3\u0142 Rady Nadzorczej 2021-04 Protok\u00f3\u0142 Rady Nadzorczej 2021-05 Protok\u00f3\u0142 Rady Nadzorczej 2021-06 Protok\u00f3\u0142 Rady Nadzorczej 2021-07 Protok\u00f3\u0142 Rady Nadzorczej 2021-08 Protok\u00f3\u0142 Rady Nadzorczej 2021-09 Protok\u00f3\u0142 Rady Nadzorczej 2021-10 Protok\u00f3\u0142 Rady Nadzorczej 2021-11<\/p>\n","protected":false},"author":1,"featured_media":0,"parent":0,"menu_order":0,"comment_status":"closed","ping_status":"closed","template":"","meta":{"ngg_post_thumbnail":0,"footnotes":""},"class_list":["post-1455","page","type-page","status-publish","hentry"],"_links":{"self":[{"href":"https:\/\/sm.nowaruda.pl\/sm1\/index.php?rest_route=\/wp\/v2\/pages\/1455","targetHints":{"allow":["GET"]}}],"collection":[{"href":"https:\/\/sm.nowaruda.pl\/sm1\/index.php?rest_route=\/wp\/v2\/pages"}],"about":[{"href":"https:\/\/sm.nowaruda.pl\/sm1\/index.php?rest_route=\/wp\/v2\/types\/page"}],"author":[{"embeddable":true,"href":"https:\/\/sm.nowaruda.pl\/sm1\/index.php?rest_route=\/wp\/v2\/users\/1"}],"replies":[{"embeddable":true,"href":"https:\/\/sm.nowaruda.pl\/sm1\/index.php?rest_route=%2Fwp%2Fv2%2Fcomments&post=1455"}],"version-history":[{"count":2,"href":"https:\/\/sm.nowaruda.pl\/sm1\/index.php?rest_route=\/wp\/v2\/pages\/1455\/revisions"}],"predecessor-version":[{"id":1462,"href":"https:\/\/sm.nowaruda.pl\/sm1\/index.php?rest_route=\/wp\/v2\/pages\/1455\/revisions\/1462"}],"wp:attachment":[{"href":"https:\/\/sm.nowaruda.pl\/sm1\/index.php?rest_route=%2Fwp%2Fv2%2Fmedia&parent=1455"}],"curies":[{"name":"wp","href":"https:\/\/api.w.org\/{rel}","templated":true}]}}