{"id":11,"date":"2014-07-23T09:55:03","date_gmt":"2014-07-23T09:55:03","guid":{"rendered":"http:\/\/sm.nowaruda.pl\/sm1\/?page_id=11"},"modified":"2023-11-28T16:43:54","modified_gmt":"2023-11-28T14:43:54","slug":"kontakt","status":"publish","type":"page","link":"https:\/\/sm.nowaruda.pl\/sm1\/","title":{"rendered":""},"content":{"rendered":"<p style=\"text-align: center;\"><img loading=\"lazy\" decoding=\"async\" class=\"alignleft wp-image-4\" src=\"\/sm1\/wp-content\/uploads\/2014\/07\/budynek.jpg\" alt=\"budynek\" width=\"540\" height=\"247\"><\/p>\n<p style=\"text-align: left;\"><strong>SP\u00d3\u0141DZIELNIA MIESZKANIOWA W NOWEJ RUDZIE<\/strong><br \/>\n<strong> Ul. Teatralna 11,&nbsp; 57-400 Nowa Ruda<\/strong><br \/>\nTelefony:<br \/>\n<strong>Sekretariat<\/strong> &#8211; 074 872 0800<br \/>\n<strong>Fax<\/strong> &#8211; 74 872 0804<br \/>\nE-mail: <a href=\"mailto:sekretariat@sm.nowaruda.pl\">sekretariat@sm.nowaruda.pl<\/a>&nbsp;<br \/>\nE-mail: <a href=\"mailto:rada.nadzorcza@sm.nowaruda.pl\">rada.nadzorcza@sm.nowaruda.pl<\/a>&nbsp;<\/p>\n<p style=\"text-align: left;\"><strong>Prezes<\/strong> &#8211; 74 872 0801<br \/>\n<strong>Z-ca Prezesa ds. Ekonomicznych<\/strong> &#8211; 74 872 0815<br \/>\n<strong>Dzia\u0142 Techniczny<\/strong> &#8211; 74 872 0803<br \/>\n<strong>Ksi\u0119gowo\u015b\u0107<\/strong> &#8211; 74 872 0813, 74 872 0814<br \/>\n<strong>Czynsze<\/strong> &#8211; 74 872 0811<br \/>\n<strong>Administracja S\u0142upiec<\/strong> &#8211; 74 872 3252<br \/>\n<strong>Administracja N.Ruda<\/strong> &#8211; 74 872 0810<\/p>\n<hr>\n<p style=\"text-align: center;\"><strong>Awarie w dniach od poniedzia\u0142ku do pi\u0105tku w godz. od 15<sup>00<\/sup> do 20<sup>00<\/sup> oraz w soboty i dni ustawowo<br \/>\nwolne od pracy w godz. od 7<sup>00<\/sup> do 20<sup>00<\/sup> mo\u017cna zg\u0142asza\u0107 pod nr telefonu:<\/strong><\/p>\n<h3 style=\"text-align: center;\"><strong><strong><span style=\"color: #ff0000;\">507 126 066<\/span><\/strong><\/strong><\/h3>\n<hr>\n<p>PKO BP S.A. O\/Nowa Ruda: 24 1020 5112 0000 7402 0006 4907<br \/>\nNIP: 885-00-03-199<br \/>\nRegon: 000493020<br \/>\nKRS 0000162703- S\u0105d Rejonowy we Wroc\u0142awiu<\/p>\n<p style=\"text-align: center;\"><a title=\"Dokumenty rejestrowe\" href=\"http:\/\/sm.nowaruda.pl\/sm1\/?p=198\">Dokumenty rejestrowe Sp\u00f3\u0142dzielni<\/a><\/p>\n<p><a href=\"http:\/\/www.sm.nowaruda.pl\/sm\/doks\/krs.pdf\" target=\"_blank\" rel=\"noopener\">&nbsp;&nbsp;&nbsp; <\/a><br \/>\n<iframe loading=\"lazy\" style=\"border: 0;\" src=\"https:\/\/www.google.com\/maps\/embed?pb=!1m18!1m12!1m3!1d1324.223443409885!2d16.497503004941578!3d50.580924632223024!2m3!1f0!2f0!3f0!3m2!1i1024!2i768!4f13.1!3m3!1m2!1s0x470e40cfff627577%3A0x14e7038d332c2a3c!2sSp%C3%B3%C5%82dzielnia+Mieszkaniowa!5e1!3m2!1spl!2spl!4v1406198485772\" width=\"900\" height=\"478\" frameborder=\"0\"><\/iframe><\/p>\n","protected":false},"excerpt":{"rendered":"<p>SP\u00d3\u0141DZIELNIA MIESZKANIOWA W NOWEJ RUDZIE Ul. Teatralna 11,&nbsp; 57-400 Nowa Ruda Telefony: Sekretariat &#8211; 074 872 0800 Fax &#8211; 74 872 0804 E-mail: sekretariat@sm.nowaruda.pl&nbsp; E-mail: rada.nadzorcza@sm.nowaruda.pl&nbsp; Prezes &#8211; 74 872 0801 Z-ca Prezesa ds. Ekonomicznych &#8211; 74 872 0815 Dzia\u0142 Techniczny &#8211; 74 872 0803 Ksi\u0119gowo\u015b\u0107 &#8211; 74 872 0813, 74 872 0814 Czynsze &#8211; &hellip; <a href=\"https:\/\/sm.nowaruda.pl\/sm1\/\" class=\"more-link\">Czytaj dalej <span class=\"screen-reader-text\"><\/span> <span class=\"meta-nav\">&rarr;<\/span><\/a><\/p>\n","protected":false},"author":1,"featured_media":0,"parent":0,"menu_order":0,"comment_status":"closed","ping_status":"open","template":"page-templates\/full-width.php","meta":{"ngg_post_thumbnail":0,"footnotes":""},"class_list":["post-11","page","type-page","status-publish","hentry"],"_links":{"self":[{"href":"https:\/\/sm.nowaruda.pl\/sm1\/index.php?rest_route=\/wp\/v2\/pages\/11","targetHints":{"allow":["GET"]}}],"collection":[{"href":"https:\/\/sm.nowaruda.pl\/sm1\/index.php?rest_route=\/wp\/v2\/pages"}],"about":[{"href":"https:\/\/sm.nowaruda.pl\/sm1\/index.php?rest_route=\/wp\/v2\/types\/page"}],"author":[{"embeddable":true,"href":"https:\/\/sm.nowaruda.pl\/sm1\/index.php?rest_route=\/wp\/v2\/users\/1"}],"replies":[{"embeddable":true,"href":"https:\/\/sm.nowaruda.pl\/sm1\/index.php?rest_route=%2Fwp%2Fv2%2Fcomments&post=11"}],"version-history":[{"count":44,"href":"https:\/\/sm.nowaruda.pl\/sm1\/index.php?rest_route=\/wp\/v2\/pages\/11\/revisions"}],"predecessor-version":[{"id":2288,"href":"https:\/\/sm.nowaruda.pl\/sm1\/index.php?rest_route=\/wp\/v2\/pages\/11\/revisions\/2288"}],"wp:attachment":[{"href":"https:\/\/sm.nowaruda.pl\/sm1\/index.php?rest_route=%2Fwp%2Fv2%2Fmedia&parent=11"}],"curies":[{"name":"wp","href":"https:\/\/api.w.org\/{rel}","templated":true}]}}