{"id":1026,"date":"2019-02-27T15:01:47","date_gmt":"2019-02-27T13:01:47","guid":{"rendered":"http:\/\/sm.nowaruda.pl\/sm1\/?page_id=1026"},"modified":"2021-07-05T09:21:49","modified_gmt":"2021-07-05T07:21:49","slug":"protokoly-rady-nadzorczej-2019-r","status":"publish","type":"page","link":"https:\/\/sm.nowaruda.pl\/sm1\/?page_id=1026","title":{"rendered":"PROTOKO\u0141Y RADY NADZORCZEJ 2019R."},"content":{"rendered":"<p><a href=\"http:\/\/sm.nowaruda.pl\/sm1\/wp-content\/uploads\/2019\/02\/Protok\u00f3\u0142-Rady-Nadzorczej-2019-01.pdf\">Protok\u00f3\u0142 Rady Nadzorczej 2019-01<\/a><br \/>\n<a href=\"\/sm1\/wp-content\/uploads\/2019\/04\/Protok%C3%B3%C5%82%20Rady%20Nadzorczej%202019-02.pdf\" target=\"_blank\" rel=\"noopener noreferrer\">Protok\u00f3\u0142 Rady Nadzorczej 2019-02<\/a><br \/>\n<a href=\"http:\/\/sm.nowaruda.pl\/sm1\/wp-content\/uploads\/2019\/04\/Protok\u00f3\u0142-Rady-Nadzorczej-2019-03-min.pdf\" target=\"_blank\" rel=\"noopener noreferrer\">Protok\u00f3\u0142 Rady Nadzorczej 2019-03<\/a><br \/>\n<a href=\"\/sm1\/wp-content\/uploads\/2019\/06\/Protok%C3%B3%C5%82%20Rady%20Nadzorczej%202019-04.pdf\" target=\"_blank\" rel=\"noopener noreferrer\">Protok\u00f3\u0142 Rady Nadzorczej 2019-04<\/a><br \/>\n<a href=\"\/sm1\/wp-content\/uploads\/2019\/09\/Protok%C3%B3%C5%82%20Rady%20Nadzorczej%202019-05.pdf\" target=\"_blank\" rel=\"noopener noreferrer\">Protok\u00f3\u0142 Rady Nadzorczej 2019-05<\/a><br \/>\n<a href=\"\/sm1\/wp-content\/uploads\/2019\/09\/Protok%C3%B3%C5%82%20Rady%20Nadzorczej%202019-06.pdf\" target=\"_blank\" rel=\"noopener noreferrer\">Protok\u00f3\u0142 Rady Nadzorczej 2019-06<\/a><br \/>\n<a href=\"\/sm1\/wp-content\/uploads\/2019\/09\/Protok%C3%B3%C5%82%20Rady%20Nadzorczej%202019-07.pdf\" target=\"_blank\" rel=\"noopener noreferrer\">Protok\u00f3\u0142 Rady Nadzorczej 2019-07<\/a><br \/>\n<a href=\"\/sm1\/wp-content\/uploads\/2019\/09\/Protok%C3%B3%C5%82%20Rady%20Nadzorczej%202019-08.pdf\" target=\"_blank\" rel=\"noopener noreferrer\">Protok\u00f3\u0142 Rady Nadzorczej 2019-08<\/a><br \/>\n<a href=\"\/sm1\/wp-content\/uploads\/2019\/09\/Protok%C3%B3%C5%82%20Rady%20Nadzorczej%202019-09.pdf\" target=\"_blank\" rel=\"noopener noreferrer\">Protok\u00f3\u0142 Rady Nadzorczej 2019-09<\/a><br \/>\n<a href=\"\/sm1\/wp-content\/uploads\/2019\/09\/Protok\u00f3\u0142 Rady Nadzorczej 2019-10.pdf\" target=\"_blank\" rel=\"noopener noreferrer\">Protok\u00f3\u0142 Rady Nadzorczej 2019-10<\/a><br \/>\n<a href=\"\/sm1\/wp-content\/uploads\/2019\/09\/Protok\u00f3\u0142 Rady Nadzorczej 2019-11.pdf\" target=\"_blank\" rel=\"noopener noreferrer\">Protok\u00f3\u0142 Rady Nadzorczej 2019-11<\/a><br \/>\n<a href=\"\/sm1\/wp-content\/uploads\/2019\/09\/Protok\u00f3\u0142 Rady Nadzorczej 2019-12.pdf\" target=\"_blank\" rel=\"noopener noreferrer\">Protok\u00f3\u0142 Rady Nadzorczej 2019-12<\/a><\/p>\n<p>&nbsp;<\/p>\n","protected":false},"excerpt":{"rendered":"<p>Protok\u00f3\u0142 Rady Nadzorczej 2019-01 Protok\u00f3\u0142 Rady Nadzorczej 2019-02 Protok\u00f3\u0142 Rady Nadzorczej 2019-03 Protok\u00f3\u0142 Rady Nadzorczej 2019-04 Protok\u00f3\u0142 Rady Nadzorczej 2019-05 Protok\u00f3\u0142 Rady Nadzorczej 2019-06 Protok\u00f3\u0142 Rady Nadzorczej 2019-07 Protok\u00f3\u0142 Rady Nadzorczej 2019-08 Protok\u00f3\u0142 Rady Nadzorczej 2019-09 Protok\u00f3\u0142 Rady Nadzorczej 2019-10 Protok\u00f3\u0142 Rady Nadzorczej 2019-11 Protok\u00f3\u0142 Rady Nadzorczej 2019-12 &nbsp;<\/p>\n","protected":false},"author":1,"featured_media":0,"parent":0,"menu_order":0,"comment_status":"closed","ping_status":"closed","template":"","meta":{"ngg_post_thumbnail":0,"footnotes":""},"class_list":["post-1026","page","type-page","status-publish","hentry"],"_links":{"self":[{"href":"https:\/\/sm.nowaruda.pl\/sm1\/index.php?rest_route=\/wp\/v2\/pages\/1026","targetHints":{"allow":["GET"]}}],"collection":[{"href":"https:\/\/sm.nowaruda.pl\/sm1\/index.php?rest_route=\/wp\/v2\/pages"}],"about":[{"href":"https:\/\/sm.nowaruda.pl\/sm1\/index.php?rest_route=\/wp\/v2\/types\/page"}],"author":[{"embeddable":true,"href":"https:\/\/sm.nowaruda.pl\/sm1\/index.php?rest_route=\/wp\/v2\/users\/1"}],"replies":[{"embeddable":true,"href":"https:\/\/sm.nowaruda.pl\/sm1\/index.php?rest_route=%2Fwp%2Fv2%2Fcomments&post=1026"}],"version-history":[{"count":12,"href":"https:\/\/sm.nowaruda.pl\/sm1\/index.php?rest_route=\/wp\/v2\/pages\/1026\/revisions"}],"predecessor-version":[{"id":1343,"href":"https:\/\/sm.nowaruda.pl\/sm1\/index.php?rest_route=\/wp\/v2\/pages\/1026\/revisions\/1343"}],"wp:attachment":[{"href":"https:\/\/sm.nowaruda.pl\/sm1\/index.php?rest_route=%2Fwp%2Fv2%2Fmedia&parent=1026"}],"curies":[{"name":"wp","href":"https:\/\/api.w.org\/{rel}","templated":true}]}}